{"id":891,"date":"2023-12-31T01:34:24","date_gmt":"2023-12-31T00:34:24","guid":{"rendered":"http:\/\/demo.cactusthemes.com\/university\/?page_id=891"},"modified":"2026-04-15T20:44:17","modified_gmt":"2026-04-15T18:44:17","slug":"university-revolution-slider-2","status":"publish","type":"page","link":"https:\/\/www.tangram.it\/it\/","title":{"rendered":"Home Page"},"content":{"rendered":"<p>[vc_row u_row_style=&#8221;0&#8243; u_row_paralax=&#8221;0&#8243; u_row_scheme=&#8221;0&#8243; css=&#8221;.vc_custom_1739899700745{margin-top: 25px !important;}&#8221;][vc_column]        <div class=\"event-listing un-grid-listing un-post-grid un-post-grid-470 \" data-delay=0>\n            <div class=\"grid-listing-wrap\">\n                <div class=\"grid-listing no-overlay-bottom\">\n                \t                                            <div class=\"grid-item grid-post-id-137368\">\n                            <div class=\"grid-item-inner\">\n                                <div class=\"grid-item-content event-item dark-div\">\n                                    <div class=\"event-thumbnail\">\n                                        <a href=\"https:\/\/www.tangram.it\/it\/codice-brandis\/\" title=\"Il Codice Brandis\"  >\n                                                                                        <img src=\"https:\/\/www.tangram.it\/wp-content\/uploads\/2021\/11\/Cofanetti-IT-554x674.jpg\" width=\"554\" height=\"674\" title=\"Il Codice Brandis\" alt=\"Il Codice Brandis\">\n                                        <\/a>\n                                    <\/div>\n                                                                        <div class=\"event-overlay\">\n                                        <a class=\"overlay-top\" href=\"https:\/\/www.tangram.it\/it\/codice-brandis\/\" title=\"Il Codice Brandis\">\n                                            <h4>Il Codice Brandis<\/h4>\n                                                                                    <\/a>\n                                        <div class=\"overlay-bottom\">\n                                        \t\t\t\t\t\t\t\t\t\t\t\t\t                                                                                                                                        \n\t\t\t\t\t\t\t\t\t\t\t                                            \n                                        <\/div>\n                                    <\/div>\n                                <\/div><!--\/event-item-->\n                            <\/div>\n                                                    <\/div><!--\/grid-item-->\n                                                <div class=\"grid-item grid-post-id-139789\">\n                            <div class=\"grid-item-inner\">\n                                <div class=\"grid-item-content event-item dark-div\">\n                                    <div class=\"event-thumbnail\">\n                                        <a href=\"https:\/\/www.tangram.it\/it\/il-codice-brandis-volume-1\/\" title=\"Il Codice Brandis, volume 1\"  >\n                                                                                        <img src=\"https:\/\/www.tangram.it\/wp-content\/uploads\/2023\/06\/codice-brandis-volume-1.jpg\" width=\"350\" height=\"393\" title=\"Il Codice Brandis, volume 1\" alt=\"Il Codice Brandis, volume 1\">\n                                        <\/a>\n                                    <\/div>\n                                                                        <div class=\"event-overlay\">\n                                        <a class=\"overlay-top\" href=\"https:\/\/www.tangram.it\/it\/il-codice-brandis-volume-1\/\" title=\"Il Codice Brandis, volume 1\">\n                                            <h4>Il Codice Brandis, volume 1<\/h4>\n                                                                                    <\/a>\n                                        <div class=\"overlay-bottom\">\n                                        \t\t\t\t\t\t\t\t\t\t\t\t\t                                                                                                                                        \n\t\t\t\t\t\t\t\t\t\t\t                                            \n                                        <\/div>\n                                    <\/div>\n                                <\/div><!--\/event-item-->\n                            <\/div>\n                                                    <\/div><!--\/grid-item-->\n                                                <div class=\"grid-item grid-post-id-139707\">\n                            <div class=\"grid-item-inner\">\n                                <div class=\"grid-item-content event-item dark-div\">\n                                    <div class=\"event-thumbnail\">\n                                        <a href=\"https:\/\/www.tangram.it\/it\/il-codice-brandis-volume-2\/\" title=\"Il Codice Brandis, volume 2\"  >\n                                                                                        <img src=\"https:\/\/www.tangram.it\/wp-content\/uploads\/2023\/06\/codice-brandis-volume-2.jpg\" width=\"350\" height=\"402\" title=\"Il Codice Brandis, volume 2\" alt=\"Il Codice Brandis, volume 2\">\n                                        <\/a>\n                                    <\/div>\n                                                                        <div class=\"event-overlay\">\n                                        <a class=\"overlay-top\" href=\"https:\/\/www.tangram.it\/it\/il-codice-brandis-volume-2\/\" title=\"Il Codice Brandis, volume 2\">\n                                            <h4>Il Codice Brandis, volume 2<\/h4>\n                                                                                    <\/a>\n                                        <div class=\"overlay-bottom\">\n                                        \t\t\t\t\t\t\t\t\t\t\t\t\t                                                                                                                                        \n\t\t\t\t\t\t\t\t\t\t\t                                            \n                                        <\/div>\n                                    <\/div>\n                                <\/div><!--\/event-item-->\n                            <\/div>\n                                                    <\/div><!--\/grid-item-->\n                                                <div class=\"grid-item grid-post-id-140809\">\n                            <div class=\"grid-item-inner\">\n                                <div class=\"grid-item-content event-item dark-div\">\n                                    <div class=\"event-thumbnail\">\n                                        <a href=\"https:\/\/www.tangram.it\/it\/il-codice-brandis-volume-3\/\" title=\"Il Codice Brandis, volume 3\"  >\n                                                                                        <img src=\"https:\/\/www.tangram.it\/wp-content\/uploads\/2023\/06\/codice-brandis-volume-3.jpg\" width=\"350\" height=\"395\" title=\"Il Codice Brandis, volume 3\" alt=\"Il Codice Brandis, volume 3\">\n                                        <\/a>\n                                    <\/div>\n                                                                        <div class=\"event-overlay\">\n                                        <a class=\"overlay-top\" href=\"https:\/\/www.tangram.it\/it\/il-codice-brandis-volume-3\/\" title=\"Il Codice Brandis, volume 3\">\n                                            <h4>Il Codice Brandis, volume 3<\/h4>\n                                                                                    <\/a>\n                                        <div class=\"overlay-bottom\">\n                                        \t\t\t\t\t\t\t\t\t\t\t\t\t                                                                                                                                        \n\t\t\t\t\t\t\t\t\t\t\t                                            \n                                        <\/div>\n                                    <\/div>\n                                <\/div><!--\/event-item-->\n                            <\/div>\n                                                    <\/div><!--\/grid-item-->\n                                        <\/div>\n            <\/div>\n        <\/div><!--\/un-grid-listing-->\n                <style scoped>\n\t\t@media (min-width: 992px){\n\t\t\t.un-post-grid-470 .grid-item {\n\t\t\t\twidth: 25%;\n\t\t\t}\n\t\t}\n\t\t<\/style>\n        \t[vc_column_text css=&#8221;.vc_custom_1774640406233{border-top-width: -4px !important;}&#8221;]<\/p>\n<h5><strong>NOTA: il Codice Brandis,<\/strong> edito da Tangram, nel 2026 \u00e8 stato inserito\u00a0 dal <strong>Dipartimento per la tutela del Patrimonio culturale del Ministero della cultura<\/strong> nell&#8217;elenco nazionale quale &#8220;Pubblicazione di gran pregio e utilit\u00e0&#8221;.<\/h5>\n<p>[\/vc_column_text][\/vc_column][\/vc_row][vc_row u_row_style=&#8221;0&#8243; u_row_paralax=&#8221;0&#8243; u_row_scheme=&#8221;0&#8243; css=&#8221;.vc_custom_1739900109774{margin-top: 25px !important;}&#8221;][vc_column][vc_column_text]<\/p>\n<h2 style=\"text-align: center;\"><span style=\"color: #993300;\"><strong>Archivio di storia e letteratura<\/strong><\/span><\/h2>\n<p>[\/vc_column_text]        <div class=\"event-listing un-grid-listing un-post-grid un-post-grid-1223 \" data-delay=0>\n            <div class=\"grid-listing-wrap\">\n                <div class=\"grid-listing no-overlay-bottom\">\n                \t                                            <div class=\"grid-item grid-post-id-137118\">\n                            <div class=\"grid-item-inner\">\n                                <div class=\"grid-item-content event-item dark-div\">\n                                    <div class=\"event-thumbnail\">\n                                        <a href=\"https:\/\/www.tangram.it\/it\/archivio-di-storia-e-letteratura\/merano\/\" title=\"Merano, capitale dell&#8217;antica Contea del Tirolo\"  >\n                                                                                        <img src=\"https:\/\/www.tangram.it\/wp-content\/uploads\/2020\/07\/Parrocchiale2.jpg\" width=\"500\" height=\"666\" title=\"Merano, capitale dell&#8217;antica Contea del Tirolo\" alt=\"Merano, capitale dell&#8217;antica Contea del Tirolo\">\n                                        <\/a>\n                                    <\/div>\n                                                                        <div class=\"event-overlay\">\n                                        <a class=\"overlay-top\" href=\"https:\/\/www.tangram.it\/it\/archivio-di-storia-e-letteratura\/merano\/\" title=\"Merano, capitale dell&#8217;antica Contea del Tirolo\">\n                                            <h4>Merano, capitale dell&#8217;antica Contea del Tirolo<\/h4>\n                                                                                    <\/a>\n                                        <div class=\"overlay-bottom\">\n                                        \t\t\t\t\t\t\t\t\t\t\t\t\t                                                                                                                                        \n\t\t\t\t\t\t\t\t\t\t\t                                            \n                                        <\/div>\n                                    <\/div>\n                                <\/div><!--\/event-item-->\n                            <\/div>\n                                                    <\/div><!--\/grid-item-->\n                                                <div class=\"grid-item grid-post-id-142149\">\n                            <div class=\"grid-item-inner\">\n                                <div class=\"grid-item-content event-item dark-div\">\n                                    <div class=\"event-thumbnail\">\n                                        <a href=\"https:\/\/www.tangram.it\/it\/archivio-di-storia-e-letteratura\/archivio-storico\/\" title=\"Archivio di storia dell&#8217;Alto Adige-S\u00fcdtirol\"  >\n                                                                                        <img src=\"https:\/\/www.tangram.it\/wp-content\/uploads\/2021\/10\/trecento-554x563.jpg\" width=\"554\" height=\"563\" title=\"Archivio di storia dell&#8217;Alto Adige-S\u00fcdtirol\" alt=\"Archivio di storia dell&#8217;Alto Adige-S\u00fcdtirol\">\n                                        <\/a>\n                                    <\/div>\n                                                                        <div class=\"event-overlay\">\n                                        <a class=\"overlay-top\" href=\"https:\/\/www.tangram.it\/it\/archivio-di-storia-e-letteratura\/archivio-storico\/\" title=\"Archivio di storia dell&#8217;Alto Adige-S\u00fcdtirol\">\n                                            <h4>Archivio di storia dell&#8217;Alto Adige-S\u00fcdtirol<\/h4>\n                                                                                    <\/a>\n                                        <div class=\"overlay-bottom\">\n                                        \t\t\t\t\t\t\t\t\t\t\t\t\t                                                                                                                                        \n\t\t\t\t\t\t\t\t\t\t\t                                            \n                                        <\/div>\n                                    <\/div>\n                                <\/div><!--\/event-item-->\n                            <\/div>\n                                                    <\/div><!--\/grid-item-->\n                                                <div class=\"grid-item grid-post-id-142151\">\n                            <div class=\"grid-item-inner\">\n                                <div class=\"grid-item-content event-item dark-div\">\n                                    <div class=\"event-thumbnail\">\n                                        <a href=\"https:\/\/www.tangram.it\/it\/archivio-di-storia-e-letteratura\/videoteca-tangram\/\" title=\"Archivio videoconferenze di storia\"  >\n                                                                                        <img src=\"https:\/\/www.tangram.it\/wp-content\/uploads\/2023\/01\/visita-guidata-orologi-solari-a-maia-alta-tangram-2023-554x674.jpg\" width=\"554\" height=\"674\" title=\"Archivio videoconferenze di storia\" alt=\"Archivio videoconferenze di storia\">\n                                        <\/a>\n                                    <\/div>\n                                                                        <div class=\"event-overlay\">\n                                        <a class=\"overlay-top\" href=\"https:\/\/www.tangram.it\/it\/archivio-di-storia-e-letteratura\/videoteca-tangram\/\" title=\"Archivio videoconferenze di storia\">\n                                            <h4>Archivio videoconferenze di storia<\/h4>\n                                                                                    <\/a>\n                                        <div class=\"overlay-bottom\">\n                                        \t\t\t\t\t\t\t\t\t\t\t\t\t                                                                                                                                        \n\t\t\t\t\t\t\t\t\t\t\t                                            \n                                        <\/div>\n                                    <\/div>\n                                <\/div><!--\/event-item-->\n                            <\/div>\n                                                    <\/div><!--\/grid-item-->\n                                                <div class=\"grid-item grid-post-id-142154\">\n                            <div class=\"grid-item-inner\">\n                                <div class=\"grid-item-content event-item dark-div\">\n                                    <div class=\"event-thumbnail\">\n                                        <a href=\"https:\/\/www.tangram.it\/it\/archivio-di-storia-e-letteratura\/biblioteca-e-letteratura\/\" title=\"Biblioteca e letteratura\"  >\n                                                                                        <img src=\"https:\/\/www.tangram.it\/wp-content\/uploads\/2020\/07\/religioni.jpg\" width=\"500\" height=\"333\" title=\"Biblioteca e letteratura\" alt=\"Biblioteca e letteratura\">\n                                        <\/a>\n                                    <\/div>\n                                                                        <div class=\"event-overlay\">\n                                        <a class=\"overlay-top\" href=\"https:\/\/www.tangram.it\/it\/archivio-di-storia-e-letteratura\/biblioteca-e-letteratura\/\" title=\"Biblioteca e letteratura\">\n                                            <h4>Biblioteca e letteratura<\/h4>\n                                                                                    <\/a>\n                                        <div class=\"overlay-bottom\">\n                                        \t\t\t\t\t\t\t\t\t\t\t\t\t                                                                                                                                        \n\t\t\t\t\t\t\t\t\t\t\t                                            \n                                        <\/div>\n                                    <\/div>\n                                <\/div><!--\/event-item-->\n                            <\/div>\n                                                    <\/div><!--\/grid-item-->\n                                        <\/div>\n            <\/div>\n        <\/div><!--\/un-grid-listing-->\n                <style scoped>\n\t\t@media (min-width: 992px){\n\t\t\t.un-post-grid-1223 .grid-item {\n\t\t\t\twidth: 25%;\n\t\t\t}\n\t\t}\n\t\t<\/style>\n        \t[\/vc_column][\/vc_row][vc_row equal_height=&#8221;yes&#8221; content_placement=&#8221;top&#8221; u_row_style=&#8221;0&#8243; u_row_paralax=&#8221;0&#8243; u_row_scheme=&#8221;0&#8243; css=&#8221;.vc_custom_1705682663033{padding-top: 30px !important;}&#8221;][vc_column width=&#8221;1\/6&#8243; offset=&#8221;vc_col-lg-offset-1&#8243;][vc_column_text el_class=&#8221;ricerche, storia e curiosit\u00e0 dei popoli alpini&#8221;]<\/p>\n<h3 style=\"text-align: center;\"><span style=\"color: #800000;\"><strong>VITAE INTRA MONTES<\/strong><\/span><\/h3>\n<h5 style=\"text-align: center;\">Note e approfondimenti sulle popolazioni alpine che nel corso dei millenni hanno caratterizzato la cultura e la vita del Trentino-Alto Adige\/S\u00fcdtirol: dalla trib\u00f9 di \u00d6tzi ai Reti, dai Romani ai Germanici, dai Ladini ai Sudtirolesi, dai Trentini agli Italiani<\/h5>\n<h5 style=\"text-align: center;\"><a href=\"https:\/\/www.tangram.it\/it\/cultura\/\"><img loading=\"lazy\" class=\"aligncenter wp-image-146132 size-medium\" title=\"castello\" src=\"https:\/\/www.tangram.it\/wp-content\/uploads\/2026\/01\/quadrato-Intra-Montes-300x280.jpg\" alt=\"La vita dei popoli che vissero tra le valli alpine\" width=\"300\" height=\"280\" srcset=\"https:\/\/www.tangram.it\/wp-content\/uploads\/2026\/01\/quadrato-Intra-Montes-300x280.jpg 300w, https:\/\/www.tangram.it\/wp-content\/uploads\/2026\/01\/quadrato-Intra-Montes-1024x957.jpg 1024w, https:\/\/www.tangram.it\/wp-content\/uploads\/2026\/01\/quadrato-Intra-Montes-768x718.jpg 768w, https:\/\/www.tangram.it\/wp-content\/uploads\/2026\/01\/quadrato-Intra-Montes-255x238.jpg 255w, https:\/\/www.tangram.it\/wp-content\/uploads\/2026\/01\/quadrato-Intra-Montes-407x380.jpg 407w, https:\/\/www.tangram.it\/wp-content\/uploads\/2026\/01\/quadrato-Intra-Montes.jpg 1264w\" sizes=\"(max-width: 300px) 100vw, 300px\" \/><\/a><\/h5>\n<h5 style=\"text-align: center;\">CONTATTI<br \/>\nMail:<a href=\"mailto:contatto@tangram.it\"> contatto@tangram.it<\/a><br \/>\nWathsApp: <strong>Alessandro Baccin<\/strong><\/h5>\n<h5 style=\"text-align: center;\"><\/h5>\n<p>[\/vc_column_text][\/vc_column][vc_column width=&#8221;1\/6&#8243;][vc_column_text]<\/p>\n<h3 style=\"text-align: center;\"><span style=\"color: #993300;\"><strong>LA MUMMIA DELLE ALPI<\/strong><\/span><\/h3>\n<h5 style=\"text-align: center;\">Un racconto interattivo dedicato a \u00d6tzi, la mummia rinvenuta sulle Alpi. La storia di un uomo, che dopo 5.000 anni di silenzio, \u00e8 giunto sino a noi per svelare i segreti del Neolitico.<br \/>\n<a href=\"https:\/\/tangram.it\/lamummia\/\"><img loading=\"lazy\" class=\"alignnone wp-image-146180 size-full\" src=\"https:\/\/www.tangram.it\/wp-content\/uploads\/2026\/03\/oetzi_start.jpg\" alt=\"la mummia delle Alpi\" width=\"180\" height=\"191\" \/><\/a><\/h5>\n<p>[\/vc_column_text][\/vc_column][vc_column width=&#8221;1\/6&#8243;][vc_column_text]<\/p>\n<p style=\"text-align: center;\"><strong><strong>Archivio Editoriale<\/strong><\/strong><\/p>\n<h3 style=\"text-align: center;\"><strong>Il Codice Brandis<\/strong><\/h3>\n<p style=\"text-align: center;\">Merano, via Portici 204<br \/>\nTel: 335 6090344<br \/>\nMail: <a href=\"mailto:contatto@tangram.it\">contatto@tangram.it<\/a><br \/>\nPEC: <a href=\"mailto:contatto@pec.tangram.it\">contatto@pec.tangram.it<\/a>[\/vc_column_text][\/vc_column][vc_column width=&#8221;1\/6&#8243;][vc_column_text]<\/p>\n<h5 style=\"text-align: center;\"><a href=\"https:\/\/www.tangram.it\/it\/artists\/\">The Artists for Tangram and Culture<\/a><\/h5>\n<p>[\/vc_column_text][vc_images_carousel images=&#8221;138169,138172,138175,138178,138181,138184,138187,138190,138193,138196,138199,138202,138205,138208,138211,138214,138217,138220,138223,138226,138229,138232,138235,138238,138241,138244,138247,138250,138253,138256,139520,139673,142685,143487,143897,144271&#8243; img_size=&#8221;full&#8221; onclick=&#8221;link_no&#8221; mode=&#8221;vertical&#8221; speed=&#8221;1500&#8243; autoplay=&#8221;yes&#8221; hide_pagination_control=&#8221;yes&#8221; hide_prev_next_buttons=&#8221;yes&#8221; wrap=&#8221;yes&#8221;][\/vc_column][\/vc_row]<\/p>\n","protected":false},"excerpt":{"rendered":"<p>[vc_row u_row_style=&#8221;0&#8243; u_row_paralax=&#8221;0&#8243; u_row_scheme=&#8221;0&#8243; css=&#8221;.vc_custom_1739899700745{margin-top: 25px !important;}&#8221;][vc_column][vc_column_text css=&#8221;.vc_custom_1774640406233{border-top-width: -4px !important;}&#8221;] NOTA: il Codice Brandis, edito da Tangram, nel 2026 \u00e8 stato inserito\u00a0 dal Dipartimento per la tutela del Patrimonio culturale del Ministero della cultura nell&#8217;elenco nazionale quale &#8220;Pubblicazione di gran pregio e utilit\u00e0&#8221;. [\/vc_column_text][\/vc_column][\/vc_row][vc_row u_row_style=&#8221;0&#8243; u_row_paralax=&#8221;0&#8243; u_row_scheme=&#8221;0&#8243; css=&#8221;.vc_custom_1739900109774{margin-top: 25px !important;}&#8221;][vc_column][vc_column_text] Archivio di storia e letteratura [&hellip;]<\/p>\n","protected":false},"author":2,"featured_media":0,"parent":0,"menu_order":0,"comment_status":"closed","ping_status":"closed","template":"page-templates\/front-page.php","meta":[],"_links":{"self":[{"href":"https:\/\/www.tangram.it\/it\/wp-json\/wp\/v2\/pages\/891"}],"collection":[{"href":"https:\/\/www.tangram.it\/it\/wp-json\/wp\/v2\/pages"}],"about":[{"href":"https:\/\/www.tangram.it\/it\/wp-json\/wp\/v2\/types\/page"}],"author":[{"embeddable":true,"href":"https:\/\/www.tangram.it\/it\/wp-json\/wp\/v2\/users\/2"}],"replies":[{"embeddable":true,"href":"https:\/\/www.tangram.it\/it\/wp-json\/wp\/v2\/comments?post=891"}],"version-history":[{"count":485,"href":"https:\/\/www.tangram.it\/it\/wp-json\/wp\/v2\/pages\/891\/revisions"}],"predecessor-version":[{"id":146288,"href":"https:\/\/www.tangram.it\/it\/wp-json\/wp\/v2\/pages\/891\/revisions\/146288"}],"wp:attachment":[{"href":"https:\/\/www.tangram.it\/it\/wp-json\/wp\/v2\/media?parent=891"}],"curies":[{"name":"wp","href":"https:\/\/api.w.org\/{rel}","templated":true}]}}