{"id":137193,"date":"2018-12-14T12:12:27","date_gmt":"2018-12-14T11:12:27","guid":{"rendered":"http:\/\/www.tangram.it\/?page_id=137193"},"modified":"2021-10-12T18:09:39","modified_gmt":"2021-10-12T16:09:39","slug":"altre-chiese","status":"publish","type":"page","link":"https:\/\/www.tangram.it\/it\/archivio-di-storia-e-letteratura\/merano\/altre-chiese\/","title":{"rendered":"Le altre chiese"},"content":{"rendered":"<p>[vc_row][vc_column][vc_tta_accordion][vc_tta_section title=&#8221;La chiesa evangelica&#8221; tab_id=&#8221;1544785781597-076a2852-0706&#8243;][vc_column_text]<\/p>\n<p style=\"text-align: justify;\">La Comunit\u00e0 Evangelica di Merano consiste soltanto di alcune centinaia di fedeli che vivono sparpagliati tra il passo Resia e Gardone. Essa cerca, in collaborazione con la chiesa evangelica germanica, di mantenere il servizio di culto con un Pastore residente a Merano vicino alla Chiesa. La Chiesa Evangelica fu benedetta il 13 dicembre 1885. Fu costruita dall\u2019architetto berlinese Johannes Vollmer. L\u2019altare fu eseguito dallo scultore tedesco Dag di Hannover. I lavori di intaglio dell\u2019altare e del pulpito sono opera dell\u2019artista meranese Franz Xaver Pendl.<\/p>\n<p>[\/vc_column_text][\/vc_tta_section][vc_tta_section title=&#8221;Chiesa Parrocchiale di San Vigilio&#8221; tab_id=&#8221;1544785781612-67879385-d8c5&#8243;][vc_column_text]<\/p>\n<p style=\"text-align: justify;\">Della chiesa romanica primitiva si conserva la parte inferiore del campanile, dai regolari ricorsi in pietra, rialzato nel 1501. Il coro \u00e8 gotico, consacrato nel 1401. Le navate furono voltate in et\u00e0 tardogotica e unite alla cappella che fu adibita a navata laterale. Tale assetto fu completamente sovvertito nel corso della costruzione della nuova chiesa, progettata da Clemens Holzmeister e consacrata nel 1936, dove il coro fu trasformato in cappella laterale, Sul muro esterno dell\u2019antica abside gotica \u00e8 un rilievo romanico con il sole e la luna ed un fregio, del Xll secolo. All\u2019interno della stessa abside, ridipinti, sono i busti dei 12 Apostoli, del 1400 circa; accanto, altri Santi della met\u00e0 del 1400, mentre lungo le pareti della chiesa nuova sono collocate preziose pale d\u2019altare del 1600 e del 1700, tra cui quella con il martirio di S. Vigilio di Melchior St\u00f6lzl (1615), assai vicino alle correnti artistiche romane, alle quali si era formato, e quella della peste, con Maria, il Bambino e Santi, del bavarese Christoph Helfenrieder (1630 circa). Gli affreschi dell\u2019altare sono opera di Rudolf Stolz (1936-38); i vetri della cappella sono di Hans Pruster, mentre il rilievo in terracotta della Crocifissione \u00e8 di Maria Delago.<\/p>\n<p>[\/vc_column_text][\/vc_tta_section][vc_tta_section title=&#8221;Chiesa di San Valentino&#8221; tab_id=&#8221;1544785799788-7bda4bb2-2910&#8243;][vc_column_text]<\/p>\n<p style=\"text-align: justify;\">Secondo la tradizione S. Valentino eresse qui una chiesa gi\u00e0 nel V secolo. La chiesetta attuale immersa tra i vigneti, del XIII secolo, \u00e8 stata rimaneggiata nel corso del 1400 e del 1600; nel 1860 \u00e8 stata costruita la facciata neoromanica con statue di Franz Pendl, che ha progettato anche l\u2019altare maggiore.<\/p>\n<p>[\/vc_column_text][\/vc_tta_section][vc_tta_section title=&#8221;Cappella di San Zeno&#8221; tab_id=&#8221;1544785804778-9c128572-e8bc&#8221;][vc_column_text]<\/p>\n<p style=\"text-align: justify;\">L\u2019antica cappella dedicata a S. Zeno dal vescovo Valentino, sede di culto sin dal V secolo, fu trasformata in cappella palatina nel corso dei lavori voluti da Mainardo II.<\/p>\n<p style=\"text-align: justify;\">Nella ricostruzione dei primi anni del 1300 essa ebbe una curiosa articolazione asimmetrica, con due absidi semicircolari di ampiezza diversa sul lato sud verso il precipizio, divise dalla navata unica con archi a pieno centro, e due ingressi, il principale sul lato nord, l\u2019altro sul lato ovest. A due piani, aveva una balconata in legno su tre lati che rendeva accessibile il piano superiore. Il raddoppio dell\u2019abside \u00e8 stato variamente spiegato, quale ricordo del culto dei due santi ai quali era in origine dedicata, Zeno e Valentino (sostituito poi da S. Geltrude), oppure come una costruzione composita di abside e cappella laterale.<\/p>\n<p style=\"text-align: justify;\">Certamente l\u2019edificio, di grande libert\u00e0 compositiva, \u00e8 assai suggestivo, e costituisce, insieme alle sculture che decorano il portalenord, assai vicino per stile e composizione a quello di castel Tirolo, una delle pi\u00f9 alte testimonianze dell\u2019arte tardoromaniea. Tra i bassorilievi in pietra ed arenaria che ornano il portale nord, ed indicano con la stilizzazione dei motivi il progressivo esaurimento della produzione artistica lombarda, compare una delle pi\u00f9 antiche raffigurazioni dell\u2019aquila dei Tirolo.<\/p>\n<p>[\/vc_column_text][\/vc_tta_section][\/vc_tta_accordion][\/vc_column][\/vc_row]<\/p>\n","protected":false},"excerpt":{"rendered":"<p>[vc_row][vc_column][vc_tta_accordion][vc_tta_section title=&#8221;La chiesa evangelica&#8221; tab_id=&#8221;1544785781597-076a2852-0706&#8243;][vc_column_text] La Comunit\u00e0 Evangelica di Merano consiste soltanto di alcune centinaia di fedeli che vivono sparpagliati tra il passo Resia e Gardone. Essa cerca, in collaborazione con la chiesa evangelica germanica, di mantenere il servizio di culto con un Pastore residente a Merano vicino alla Chiesa. La Chiesa Evangelica fu benedetta [&hellip;]<\/p>\n","protected":false},"author":1,"featured_media":0,"parent":137118,"menu_order":0,"comment_status":"closed","ping_status":"closed","template":"","meta":[],"_links":{"self":[{"href":"https:\/\/www.tangram.it\/it\/wp-json\/wp\/v2\/pages\/137193"}],"collection":[{"href":"https:\/\/www.tangram.it\/it\/wp-json\/wp\/v2\/pages"}],"about":[{"href":"https:\/\/www.tangram.it\/it\/wp-json\/wp\/v2\/types\/page"}],"author":[{"embeddable":true,"href":"https:\/\/www.tangram.it\/it\/wp-json\/wp\/v2\/users\/1"}],"replies":[{"embeddable":true,"href":"https:\/\/www.tangram.it\/it\/wp-json\/wp\/v2\/comments?post=137193"}],"version-history":[{"count":2,"href":"https:\/\/www.tangram.it\/it\/wp-json\/wp\/v2\/pages\/137193\/revisions"}],"predecessor-version":[{"id":142864,"href":"https:\/\/www.tangram.it\/it\/wp-json\/wp\/v2\/pages\/137193\/revisions\/142864"}],"up":[{"embeddable":true,"href":"https:\/\/www.tangram.it\/it\/wp-json\/wp\/v2\/pages\/137118"}],"wp:attachment":[{"href":"https:\/\/www.tangram.it\/it\/wp-json\/wp\/v2\/media?parent=137193"}],"curies":[{"name":"wp","href":"https:\/\/api.w.org\/{rel}","templated":true}]}}