{"id":137028,"date":"2018-12-08T00:17:04","date_gmt":"2018-12-07T23:17:04","guid":{"rendered":"http:\/\/tangram\/?page_id=137028"},"modified":"2021-10-12T18:07:39","modified_gmt":"2021-10-12T16:07:39","slug":"i-famosi-portici","status":"publish","type":"page","link":"https:\/\/www.tangram.it\/it\/archivio-di-storia-e-letteratura\/merano\/i-famosi-portici\/","title":{"rendered":"I famosi Portici"},"content":{"rendered":"<p>[vc_row][vc_column][vc_column_text]<\/p>\n<p style=\"text-align: justify;\">La funzione della struttura dei portici nell\u2019urbanistica alpina era prettamente funzionale all\u2019artigianato e al piccolo commercio assai sviluppato nel medioevo in questa importante zona di scambi commerciali. I portici si strutturano ancora oggi in lotti stretti e lunghi; la parte anteriore dell\u2019edifico \u00e8 riservata all\u2019attivit\u00e0 commerciale che viene e veniva svolta al riparo dalle intemperie. Nella parte retrostante dell\u2019edificio, chiamata \u201cHinterhaus\u201d, originariamente si trovava il magazzino o un laboratorio artigianale e poco pi\u00f9 in l\u00e0 vi era un piccolo appezzamento destinato ad orto. Il primo piano veniva normalmente destinato ad altre attivit\u00e0 artigianali o a locali per l\u2019amministrazione assegnata a notai o avvocati; nei piani successivi venivano ricavate le abitazioni dei proprietari, secondo le tecniche edilizie del XIII secolo.<\/p>\n<p style=\"text-align: justify;\">Non si trattava solo di negozi per il fabbisogno della cittadinanza, ma anche di luoghi di ritrovo per commercianti italiani e tedeschi che si incontravano regolarmente per gli scambi commerciali. I proprietari dei negozi mettevano a disposizione dei mercanti alcune stanze, riservando agli operatori italiani il lato settentrionale dei portici (Berglauben) e ai tedeschi quella meridionale (Wasserlauben).<\/p>\n<p style=\"text-align: justify;\">Nonostante molti rimaneggiamenti ancora oggi \u00e8 possibile ritrovare in numerosi casi antichi edifici o ambienti rimasti intatti come all\u2019epoca; lucernai, androni o i cortiletti interni sono a disposizione del visitatore attento.<\/p>\n<p>[\/vc_column_text][\/vc_column][\/vc_row][vc_row][vc_column width=&#8221;1\/2&#8243;][vc_single_image image=&#8221;137030&#8243; img_size=&#8221;full&#8221; alignment=&#8221;center&#8221; style=&#8221;vc_box_border&#8221;][\/vc_column][vc_column width=&#8221;1\/2&#8243;][vc_single_image image=&#8221;137029&#8243; img_size=&#8221;full&#8221; alignment=&#8221;center&#8221; style=&#8221;vc_box_border&#8221;][\/vc_column][\/vc_row]<\/p>\n","protected":false},"excerpt":{"rendered":"<p>[vc_row][vc_column][vc_column_text] La funzione della struttura dei portici nell\u2019urbanistica alpina era prettamente funzionale all\u2019artigianato e al piccolo commercio assai sviluppato nel medioevo in questa importante zona di scambi commerciali. I portici si strutturano ancora oggi in lotti stretti e lunghi; la parte anteriore dell\u2019edifico \u00e8 riservata all\u2019attivit\u00e0 commerciale che viene e veniva svolta al riparo dalle [&hellip;]<\/p>\n","protected":false},"author":1,"featured_media":0,"parent":137118,"menu_order":0,"comment_status":"closed","ping_status":"closed","template":"","meta":[],"_links":{"self":[{"href":"https:\/\/www.tangram.it\/it\/wp-json\/wp\/v2\/pages\/137028"}],"collection":[{"href":"https:\/\/www.tangram.it\/it\/wp-json\/wp\/v2\/pages"}],"about":[{"href":"https:\/\/www.tangram.it\/it\/wp-json\/wp\/v2\/types\/page"}],"author":[{"embeddable":true,"href":"https:\/\/www.tangram.it\/it\/wp-json\/wp\/v2\/users\/1"}],"replies":[{"embeddable":true,"href":"https:\/\/www.tangram.it\/it\/wp-json\/wp\/v2\/comments?post=137028"}],"version-history":[{"count":5,"href":"https:\/\/www.tangram.it\/it\/wp-json\/wp\/v2\/pages\/137028\/revisions"}],"predecessor-version":[{"id":142851,"href":"https:\/\/www.tangram.it\/it\/wp-json\/wp\/v2\/pages\/137028\/revisions\/142851"}],"up":[{"embeddable":true,"href":"https:\/\/www.tangram.it\/it\/wp-json\/wp\/v2\/pages\/137118"}],"wp:attachment":[{"href":"https:\/\/www.tangram.it\/it\/wp-json\/wp\/v2\/media?parent=137028"}],"curies":[{"name":"wp","href":"https:\/\/api.w.org\/{rel}","templated":true}]}}