{"id":137001,"date":"2018-12-07T19:32:17","date_gmt":"2018-12-07T18:32:17","guid":{"rendered":"http:\/\/tangram\/?page_id=137001"},"modified":"2021-10-12T18:08:02","modified_gmt":"2021-10-12T16:08:02","slug":"castello-principesco","status":"publish","type":"page","link":"https:\/\/www.tangram.it\/it\/archivio-di-storia-e-letteratura\/merano\/castello-principesco\/","title":{"rendered":"Il Castello Principesco"},"content":{"rendered":"<p>[vc_row][vc_column width=&#8221;1\/4&#8243;][vc_single_image image=&#8221;137003&#8243; alignment=&#8221;center&#8221; style=&#8221;vc_box_border_circle_2&#8243;][vc_single_image image=&#8221;137004&#8243; alignment=&#8221;center&#8221; style=&#8221;vc_box_border_circle_2&#8243;][vc_single_image image=&#8221;137005&#8243; alignment=&#8221;center&#8221; style=&#8221;vc_box_border_circle_2&#8243;][vc_single_image image=&#8221;137002&#8243; alignment=&#8221;center&#8221; style=&#8221;vc_box_border_circle_2&#8243;][\/vc_column][vc_column width=&#8221;3\/4&#8243;][vc_column_text]<\/p>\n<p style=\"text-align: justify;\">Il Castello Principesco, chiamato in tedesco Landesf\u00fcrstliche Burg, non \u00e8 una fortificazione, ma una residenza signorile risalente alla seconda met\u00e0 del \u2018400. L\u2019edificio inizialmente costituiva un annesso alle cantine del principe, situate nei portici di sinistra, e portava il nome di \u201cpalatium posterius\u201d, cio\u00e8 casa posteriore. Il primo riferimento storicamente provato risale ad un documento dell\u20198 gennaio 1328, in cui si accenna all\u2019edificio con le parole \u201cMerani in domo domini principis, quae vocatur casaba\u201d.<\/p>\n<p style=\"text-align: justify;\">Fu attorno al 1470 che venne interamente rifatto nello stile tardogotico di quei tempi e nuovamente arredato per opera del duca Sigismondo \u201cil Ricco\u201d. La sua ricostruzione era stata decisa per agevolare i frequenti soggiorni del principe territoriale, in quanto l\u2019accesso a Castel Tirolo era divenuto troppo faticoso ed il soggiorno nel vecchio e malandato maniero era alquanto scomodo.<\/p>\n<p style=\"text-align: justify;\">In seguito vi dimorarono, in particolari occasioni, gli imperatori Massimiliano I e Ferdinando I (quest\u2019ultimo, nel 1564, con l\u2019intera famiglia per sottrarsi ad un\u2019epidemia che infieriva ad Innsbruck).<\/p>\n<p style=\"text-align: justify;\">Rimasto sempre immutato nelle sue strutture ma trascurato e spogliato nel secolo scorso, il castelletto venne acquistato nel 1875 dalla citt\u00e0 di Merano, che intendeva demolirlo per far posto a nuove scuole. Furono il dott. Gottfried Putz, il dott. Josef Wassler nonch\u00e9 il presidente del distretto, Arthur conte Enzenberg, a organizzare una petizione popolare per impedire che il castelletto venisse raso al suolo. L\u2019azione ebbe successo e finalmente intorno al 1880 l\u2019edificio venne definitivamente recuperato.<\/p>\n<p style=\"text-align: justify;\">Oltre che ai necessari restauri, l\u2019amministrazione cittadina ha provveduto anche al ripristino dell\u2019arredamento del Castello principesco, acquistando, sulla scorta dei antichi inventari del 1518 e del 1528, mobili d\u2019epoca e opere d\u2019arte onde restituire al castello un assetto per quanto possibile conforme a quello originario.<\/p>\n<p style=\"text-align: justify;\">All\u2019interno si possono osservare il pittoresco cortiletto, il corpo di guardia con armi, antiche cassepanche e altre opere d\u2019arte dei secoli XV-XVI collocate nelle altre stanze.<\/p>\n<p style=\"text-align: justify;\">Da osservare vi sono inoltre la cappella, la stanza dell\u2019imperatore con una grande e preziosa stufa di maiolica del \u2018400 (forse la pi\u00f9 antica esistente) e la stanza da letto.<\/p>\n\n\n\n<p><span style=\"font-size: revert; color: initial;\">[\/vc_column_text][\/vc_column][\/vc_row]<\/span><\/p>","protected":false},"excerpt":{"rendered":"<p>[vc_row][vc_column width=&#8221;1\/4&#8243;][vc_single_image image=&#8221;137003&#8243; alignment=&#8221;center&#8221; style=&#8221;vc_box_border_circle_2&#8243;][vc_single_image image=&#8221;137004&#8243; alignment=&#8221;center&#8221; style=&#8221;vc_box_border_circle_2&#8243;][vc_single_image image=&#8221;137005&#8243; alignment=&#8221;center&#8221; style=&#8221;vc_box_border_circle_2&#8243;][vc_single_image image=&#8221;137002&#8243; alignment=&#8221;center&#8221; style=&#8221;vc_box_border_circle_2&#8243;][\/vc_column][vc_column width=&#8221;3\/4&#8243;][vc_column_text] Il Castello Principesco, chiamato in tedesco Landesf\u00fcrstliche Burg, non \u00e8 una fortificazione, ma una residenza signorile risalente alla seconda met\u00e0 del \u2018400. L\u2019edificio inizialmente costituiva un annesso alle cantine del principe, situate nei portici di sinistra, e portava il nome [&hellip;]<\/p>\n","protected":false},"author":1,"featured_media":0,"parent":137118,"menu_order":0,"comment_status":"closed","ping_status":"closed","template":"","meta":[],"_links":{"self":[{"href":"https:\/\/www.tangram.it\/it\/wp-json\/wp\/v2\/pages\/137001"}],"collection":[{"href":"https:\/\/www.tangram.it\/it\/wp-json\/wp\/v2\/pages"}],"about":[{"href":"https:\/\/www.tangram.it\/it\/wp-json\/wp\/v2\/types\/page"}],"author":[{"embeddable":true,"href":"https:\/\/www.tangram.it\/it\/wp-json\/wp\/v2\/users\/1"}],"replies":[{"embeddable":true,"href":"https:\/\/www.tangram.it\/it\/wp-json\/wp\/v2\/comments?post=137001"}],"version-history":[{"count":10,"href":"https:\/\/www.tangram.it\/it\/wp-json\/wp\/v2\/pages\/137001\/revisions"}],"predecessor-version":[{"id":142853,"href":"https:\/\/www.tangram.it\/it\/wp-json\/wp\/v2\/pages\/137001\/revisions\/142853"}],"up":[{"embeddable":true,"href":"https:\/\/www.tangram.it\/it\/wp-json\/wp\/v2\/pages\/137118"}],"wp:attachment":[{"href":"https:\/\/www.tangram.it\/it\/wp-json\/wp\/v2\/media?parent=137001"}],"curies":[{"name":"wp","href":"https:\/\/api.w.org\/{rel}","templated":true}]}}