{"id":136967,"date":"2018-12-07T16:27:13","date_gmt":"2018-12-07T15:27:13","guid":{"rendered":"http:\/\/tangram\/?page_id=136967"},"modified":"2021-10-12T18:08:27","modified_gmt":"2021-10-12T16:08:27","slug":"il-centro-storico","status":"publish","type":"page","link":"https:\/\/www.tangram.it\/it\/archivio-di-storia-e-letteratura\/merano\/il-centro-storico\/","title":{"rendered":"Il centro storico"},"content":{"rendered":"<p>[vc_row][vc_column][vc_column_text]<\/p>\n<h4><strong>Il centro storico e i Portici di Merano<\/strong><\/h4>\n<p style=\"text-align: justify;\">Il centro storico di Merano \u00e8 incuneato nel ristretto spazio fra la riva destra del Passirio e la base del M. Benedetto, estrema e bassa propaggine del Gruppo di Tessa che dalle pendici del monte Mutta si protende fino al torrente. Su tale spazio la citt\u00e0 antica si accalca lungo l\u2019asse via Portici-piazza Duomo-via Haller. Sul mosaico rosso dei tetti si leva l\u2019imponente campanile del duomo, la cui parte inferiore, in pietra a vista, risale alla prima met\u00e0 del \u2018300, quella mediana, con il finestrone gotico e il primo orologio, alla seconda met\u00e0 del \u2018400 e quella superiore, con l\u2019ottagono e la cupoletta a punta, al 1618. Con il suo aspetto inconfondibile il campanile, restaurato alcuni anni fa, \u00e8 l\u2019emblema della citt\u00e0.<\/p>\n<p style=\"text-align: justify;\">La cinta muraria medievale, che fin dopo la met\u00e0 del secolo scorso racchiudeva l\u2019intera cittadina, venne poi demolita per far posto allo sviluppo edilizio connesso all\u2019ascesa turistica. Si sono tuttavia conservate tre delle quattro porte urbane, oltre alla Torre Polveriera, fortificazione sommitale della cinta, e alla cortina muraria che la unisce alla Porta Passiria.<\/p>\n<p style=\"text-align: justify;\">Costruita probabilmente al principio del \u2018300, la cinta \u2013 che doveva avere mura molto alte e robuste \u2013 venne pi\u00f9 volte rimaneggiata; la lunga stasi edilizia conseguente alla crisi economica ne permise poi la conservazione fino all\u2019Ottocento. Le quattro porte controllavano le strade convergenti nella citt\u00e0 e prendevano il nome dalle zone di provenienza delle medesime: Porta Bolzano, Porta Passiria, Porta Venosta, Porta d\u2019Ultimo.<\/p>\n<p style=\"text-align: justify;\">Centro ideale della Merano storica \u00e8 la piazza del Duomo, cui la strettoia determinata dal campanile e dalle case del lato S conferisce una forma a clessidra, dividendola in piazzo Inferiore e piazza Superiore del Duomo. La prima, attigua al lato meridionale della chiesa, \u00e8 molto piccola e ombreggiata da alcuni ippocastani; da essa si diparte verso O la via dei Portici, verso S la breve ma caratteristica via Leonardo da Vinci che fa capo alla Porta Bolzano, sboccando nella piazza della Rena.<\/p>\n<p style=\"text-align: justify;\">Dietro all\u2019abside del Duomo si apre la piazza Superiore, un po\u2019 pi\u00f9 spaziosa del\u2019altra. Il suo lato settentrionale \u00e8 occupato da due interessanti edifici, quasi addossati al ripido fianco del M. Benedetto: la cappella gotica di S. Barbara e il palazzetto Steinachheim. La cappella di S. Barbara, a pianta ottagonale, fu eretta verso la met\u00e0 del \u2018400 come chiesa cimiteriale (il camposanto circondava il duomo), con cripta-ossario. L\u2019interno, coperto da una bella volta gotica a stella, \u00e8 improntato ad un\u2019armoniosa spazialit\u00e0. L\u2019altar maggiore a scrigno, adorno di molte sculture lignee (due statuette sono state rubate), sembra un\u2019opera germanica del XV secolo, ma la sua autenticit\u00e0 \u00e8 dubbia; altri due altari barocchi del XVIII secolo, con una pala di M. Pussjae, custodiscono in cofani di cristallo due scheltri-reliquie. Nella cripta, una statua lignea della Piet\u00e0 (fine XIV sec.) Il palazzetto Steinachheim (o Desfour, dalla contessa cui appartenne) \u00e8 un sobrio edificio di stile classicheggiante, eretto da Carlo Delai nel 1675-80.<\/p>\n<p>[\/vc_column_text][\/vc_column][\/vc_row][vc_row equal_height=&#8221;yes&#8221; content_placement=&#8221;middle&#8221; u_row_style=&#8221;0&#8243; u_row_paralax=&#8221;0&#8243; u_row_scheme=&#8221;0&#8243;][vc_column width=&#8221;1\/3&#8243;][vc_single_image image=&#8221;136971&#8243; img_size=&#8221;large&#8221; alignment=&#8221;center&#8221; style=&#8221;vc_box_border&#8221;][\/vc_column][vc_column width=&#8221;1\/3&#8243;][vc_single_image image=&#8221;136972&#8243; img_size=&#8221;large&#8221; alignment=&#8221;center&#8221; style=&#8221;vc_box_border&#8221;][\/vc_column][vc_column width=&#8221;1\/3&#8243;][vc_single_image image=&#8221;136974&#8243; img_size=&#8221;large&#8221; alignment=&#8221;center&#8221; style=&#8221;vc_box_border&#8221;][\/vc_column][\/vc_row][vc_row][vc_column][vc_column_text]<\/p>\n<p style=\"text-align: justify;\">Fra la piazza Superiore del Duomo e la Porta Passiria giace il piccolo quartiere di Steinach, attraversato dalla via Haller e dalla stretta via Passiria forse la pi\u00f9 antica della citt\u00e0. Queste due vie e la Porta Passiria erano fino a un ventennio addietro i passaggi obbligati di tutto il traffico tra la Val d\u2019Adige e la Val Passiria. La via Passiria sbocca nella via della Torre,a pochi metri dalla Porta Passiria, attraverso uno stretto passaggio a volta, la \u201cSanter Klause\u201d angolo caratteristico della vecchia Merano e, secondo alcuni, un vestigio dello scomparso castello di Ortenstien.<\/p>\n<p style=\"text-align: justify;\">Dalla piazza inferiore del duomo diparte in leggera discesa verso la via dei Portici, imperfettamente rettilinea e con i suoi 400 metri di lunghezza la pi\u00f9 lunga strada antica a portici dell\u2019Alto Adige. Spina dorsale del centro storico, la via Portici \u00e8 ancor oggi la pi\u00f9 caratteristica della citt\u00e0 e la \u201cstrada degli acquisti\u201d per eccellenza. Essa nacque, forse gradualmente ma comunque secondo un concezione unitaria, nel XIII secolo e diede corpo al borgo mercantile che nel 1317 ha gi\u00e0 rango e privilegi di citt\u00e0. La sua funzione prettamente commerciale si palesa nelle due serie continue di arcate al pianterreno delle case: esse servivano per l\u2019esposizione e la compravendita delle merci al riparo dalle intemperie. Non si trattava per\u00f2 solo di negozi per il fabbisogno della cittadinanza, bens\u00ec anche di botteghe adibite agli scambi commerciali fra i mercanti italiani e germanici, specialmente in occasione delle due fiere annuali che si tenevano a Merano in primavera e in autunno. I proprietari dei negozi mettevano allora i loro locali a disposizione degli operatori forestieri; da un\u2019ordinanza imperiale del 1497 apprendiamo che ai mercanti italiani di tessuti era riservato il lato settentrionale, ossia verso il monte (Berglauben), ai tedeschi quello meridionale, dalla parte del torrente (Wasserlauben), della via. Altri luoghi erano stabiliti per gli scambi di merci diverse: ferro, oreficerie, calzature ecc.<\/p>\n<p style=\"text-align: justify;\">Nel loro aspetto odierno, varito e pittoresco ma un po\u2019 pi\u00f9 modesto di quello della via Portici di Bolzano, le due schiere di case dei Portici meranesi sono ovviamente il risultato di molti rimaneggiamenti e restauri che proseguono tutt\u2019ora; nell\u2019insieme esse non sono mutate di molto rispetto a due o tre secoli fa, mentre in origine \u00e8 da ritenere che fossero in buona parte ancora in legno. Dietro al corpo di fabbrica principale, prospiciente la strada, vi \u00e8 di solito un cortiletto (spesso coperto), indi un secondo corpo, la cosiddetta Hinterhaus (casa posteriore); le strutture antiche sono in molti casi ancora riconoscibili negli androni a volta, nei vani delle scale, nei lucernari sopra i cortiletti ecc.<\/p>\n<p style=\"text-align: justify;\">La via Portici \u00e8 intersecata a met\u00e0 lunghezza da una trasversale che verso S (via Cassa di Risparmio) la collega con il corso della Liber\u00e0, mentre a N si accosta al piede del M. Benedetto con il nome di via Galilei. All\u2019angolo NO del suddetto incrocio sorge il palazzo del Municipio, costruito nel 1929 su progetto di E. Sotsas. In precedenza vi si trovavano gli antichi edifici e magazzini della castealderia, ossia l\u2019amministrazione patrimoniale e fiscale dei conti del Tirolo e dei loro successori asburgici. Dietro al Municipio e sulla via Galilei si apre la piazza Castello, con piccolo giardino pubblico; essa prende il nome del\u00a0<a href=\"..\/..\/guida-merano\/castello-principesco\/index.html\">Castello Principesco<\/a> (Landesf\u00fcrstliche Burg) che vi sorge, una costruzione gotica di proporzioni molto modeste, eretta nella seconda met\u00e0 del \u2018400 per i temporanei soggiorni a Merano del duca Sigismondo il Danaroso (Sigmund der M\u00fcnzreiche), conte del Tirolo, che risiedeva abitualmente ad Innsbruck. In seguito vi dimorarono, in particolari occasioni, gli imperatori Massimiliano I e Ferdinando I (quest\u2019ultimo, nel 1564, con l\u2019intera famiglia per sottrarsi ad un\u2019epidemia che infieriva ad Innsbruck), poi vari altri principi del Tirolo.<\/p>\n<p>[\/vc_column_text][\/vc_column][\/vc_row]<\/p>\n","protected":false},"excerpt":{"rendered":"<p>[vc_row][vc_column][vc_column_text] Il centro storico e i Portici di Merano Il centro storico di Merano \u00e8 incuneato nel ristretto spazio fra la riva destra del Passirio e la base del M. Benedetto, estrema e bassa propaggine del Gruppo di Tessa che dalle pendici del monte Mutta si protende fino al torrente. Su tale spazio la citt\u00e0 [&hellip;]<\/p>\n","protected":false},"author":1,"featured_media":0,"parent":137118,"menu_order":0,"comment_status":"closed","ping_status":"closed","template":"","meta":[],"_links":{"self":[{"href":"https:\/\/www.tangram.it\/it\/wp-json\/wp\/v2\/pages\/136967"}],"collection":[{"href":"https:\/\/www.tangram.it\/it\/wp-json\/wp\/v2\/pages"}],"about":[{"href":"https:\/\/www.tangram.it\/it\/wp-json\/wp\/v2\/types\/page"}],"author":[{"embeddable":true,"href":"https:\/\/www.tangram.it\/it\/wp-json\/wp\/v2\/users\/1"}],"replies":[{"embeddable":true,"href":"https:\/\/www.tangram.it\/it\/wp-json\/wp\/v2\/comments?post=136967"}],"version-history":[{"count":15,"href":"https:\/\/www.tangram.it\/it\/wp-json\/wp\/v2\/pages\/136967\/revisions"}],"predecessor-version":[{"id":142855,"href":"https:\/\/www.tangram.it\/it\/wp-json\/wp\/v2\/pages\/136967\/revisions\/142855"}],"up":[{"embeddable":true,"href":"https:\/\/www.tangram.it\/it\/wp-json\/wp\/v2\/pages\/137118"}],"wp:attachment":[{"href":"https:\/\/www.tangram.it\/it\/wp-json\/wp\/v2\/media?parent=136967"}],"curies":[{"name":"wp","href":"https:\/\/api.w.org\/{rel}","templated":true}]}}