{"id":141296,"date":"2020-11-30T11:30:22","date_gmt":"2020-11-30T10:30:22","guid":{"rendered":"http:\/\/www.tangram.it\/?post_type=product&#038;p=141296"},"modified":"2020-11-30T11:51:45","modified_gmt":"2020-11-30T10:51:45","slug":"der-codex-brandis-band-3","status":"publish","type":"product","link":"https:\/\/www.tangram.it\/de\/shop\/der-codex-brandis-band-3\/","title":{"rendered":"Der Codex Brandis &#8211; Band 3"},"content":{"rendered":"<p><strong>Der Codex Brandis<\/strong><br \/>\n<strong>Die Burgen im Trentino und im Gebiet des oberen Gardasees<br \/>\n(Band 3)<br \/>\n<\/strong><\/p>\n<p>Mit diesem dritten Band liegt nun die erste Ausgabe des Codex Brandis, des einmaligen Burgenalbums aus dem fr\u00fchen 17. Jahrhundert, vollst\u00e4ndig vor: auf 37 Skizzenbl\u00e4ttern sind 63 Veduten von St\u00e4dten, Burgen, Schloss-Anlagen und Ansitzen aus dem s\u00fcdlichen Teil der damaligen Grafschaft Tirol festgehalten. Neben der Wiedergabe der originalen Zeichnungen des unbekannten K\u00fcnstlers bietet der Band ein umfangreiches, begleitendes Bildmaterial, das von internationalen Museen, Archiven und Bibliotheken sowie auch von privaten Sammlungen zur Verf\u00fcgung gestellt wurde. Einf\u00fchrende Essays von Leo Andergassen, Alessandro Baccin, Andreas Faistenberger, Ulrike Kindl, Alberto Mosca und Carlo Andrea Postinger erschlie\u00dfen dem interessierten Publikum die Welt des fr\u00fchen 17. Jahrhunderts im Land \u201ean der Etsch und im Gebirge\u201c: es war eine unruhige Zeit, Krieg, Pestz\u00fcge und Hexenwahn waren pr\u00e4gende Alltagserfahrungen, aber auch wirtschaftlicher Aufschwung und steigende Mobilit\u00e4t. Auf den Verkehrswegen, den Stra\u00dfen und schiffbaren Fl\u00fcssen, war viel Volk unterwegs, von durchreisenden Botschaftern im diplomatischen Dienst \u00fcber Kaufleuten und Wanderh\u00e4ndlern bis hin zu Pilgern und K\u00fcnstlern. Immer wieder zogen auch Truppen von Landsknechten mit ihrem Tross durch das wichtige Passland, das in jener bedeutsamen Schwellenzeit entscheidende Weichen stellte f\u00fcr die Entwicklung der sp\u00e4teren Autonomen Region Trentino-S\u00fcdtirol.<\/p>\n<p><strong>Verzeichnis der Burgenskizzen im Band 3 des Codex Brandis<\/strong><br \/>\nDie Haderburg bei Salurn, K\u00f6nigsberg, Ansicht der Stadt Trient, Schloss Pergine, Castello del Buonconsiglio, Die Burgen vonSeregnano, Fornace und Pergine, Mattarello, Schloss Beseno, Stein bei Calliano, Santa Mana [Maria] de Mont, Ansicht der Stadt Rovereto, Schloss Rovereto, Castellano, Castelnuovo und Nogaredo, Castel Barco, Die Burgen Dossomaggiore bei Brentonico und Castelkorn, Schloss Gresta, Umgebung von Avio, Schloss Avio, Alte Landesgrenze bei Mama d\u2019Avio, Avio, Alte Landesgrenze bei Borghetto, Ansicht von Arco, Ansicht von Riva, Castel Penede, Castel Spine, Umgebung von Arc, Schloss Ivano und die H\u00f6hlenburg Kofel, Schloss Telvana, Belfort bei Spormaggiore, Molveno, Die Burgen Restor und Stenico, Castello di Tenno, Toblino, Der See von Santa Massenza, Schloss Madruzzo, Detailansicht von Madruzzo, Weitere Detailansicht von Madruzzo.<\/p>\n<p><strong>Vorl\u00e4ufiges Inhaltsverzeichnis des dritten Bandes:<\/strong><\/p>\n<ul>\n<li>Vorwort \u2013 Alessandro Baccin<\/li>\n<li>Das Konzil von Trient und das Hexenbild in Tirol in Geschichte und Sage \u2013 Ulrike Kindl<\/li>\n<li>Handel, Geldwirtschaft und Zolle im 17. Jahrhundert \u2013 Alberto Mosca<\/li>\n<li>Heraldik und tirolische Wappenkunde \u2013 Andreas Faistenberger<\/li>\n<li>Im Dienste der Herrschaft. Wandmalereien in Burgkapellen \u2013 Leo Andergassen<\/li>\n<li>Der Codex Brandis und die Burgen im Trentino und im Gebiet des oberen Gardasees \u2013 Carlo Andrea Postinger<\/li>\n<li>Index des Codex Brandis \u2013 Ulrike Kindl<\/li>\n<\/ul>\n<p><center>Mit Unterst\u00fctzung der Autonomen Region Trentino-S\u00fcdtirol, der Autonomen Provinz Bozen, der Gemeinden von Meran und Lana.<\/center><\/p>\n","protected":false},"excerpt":{"rendered":"<p>Der Codex Brandis Die Burgen im Trentino und im Gebiet des oberen Gardasees (Band 3) Mit diesem dritten Band liegt nun die erste Ausgabe des Codex Brandis, des einmaligen Burgenalbums aus dem fr\u00fchen 17. Jahrhundert, vollst\u00e4ndig vor: auf 37 Skizzenbl\u00e4ttern sind 63 Veduten von St\u00e4dten, Burgen, Schloss-Anlagen und Ansitzen aus dem s\u00fcdlichen Teil der damaligen [&hellip;]<\/p>\n","protected":false},"featured_media":141298,"template":"","meta":[],"product_cat":[639],"product_tag":[633,632,689,688,685,686,634,687,690],"_links":{"self":[{"href":"https:\/\/www.tangram.it\/de\/wp-json\/wp\/v2\/product\/141296"}],"collection":[{"href":"https:\/\/www.tangram.it\/de\/wp-json\/wp\/v2\/product"}],"about":[{"href":"https:\/\/www.tangram.it\/de\/wp-json\/wp\/v2\/types\/product"}],"wp:featuredmedia":[{"embeddable":true,"href":"https:\/\/www.tangram.it\/de\/wp-json\/wp\/v2\/media\/141298"}],"wp:attachment":[{"href":"https:\/\/www.tangram.it\/de\/wp-json\/wp\/v2\/media?parent=141296"}],"wp:term":[{"taxonomy":"product_cat","embeddable":true,"href":"https:\/\/www.tangram.it\/de\/wp-json\/wp\/v2\/product_cat?post=141296"},{"taxonomy":"product_tag","embeddable":true,"href":"https:\/\/www.tangram.it\/de\/wp-json\/wp\/v2\/product_tag?post=141296"}],"curies":[{"name":"wp","href":"https:\/\/api.w.org\/{rel}","templated":true}]}}