{"id":141049,"date":"2020-08-25T11:51:40","date_gmt":"2020-08-25T09:51:40","guid":{"rendered":"http:\/\/www.tangram.it\/?post_type=product&#038;p=141049"},"modified":"2020-08-25T11:56:17","modified_gmt":"2020-08-25T09:56:17","slug":"der-codex-brandis-band-2","status":"publish","type":"product","link":"https:\/\/www.tangram.it\/de\/shop\/der-codex-brandis-band-2\/","title":{"rendered":"Der Codex Brandis &#8211; Band 2"},"content":{"rendered":"<p><strong>Der Codex Brandis<\/strong><br \/>\n<strong>Die Burgen im Etschtal, am Nonsberg und im Sulztal<br \/>\n(Band 2)<br \/>\n<\/strong><\/p>\n<p>Jahrhunderte lang lag der \u201eCodex Brandis\u201c wohl verwahrt im Archiv der Familie Brandis in Lana. Das Album mit Skizzen von Burgen, St\u00e4dten und Ansitzen der Gef\u00fcrsteten Grafschaft Tirol wurde im fr\u00fchen 17. Jahrhundert von einem unbekannten K\u00fcnstler im Auftrag des Freiherrn Jakob Andr\u00e4 von Brandis angefertigt.<br \/>\nDie 105 Skizzenbl\u00e4tter enthalten, nach Talschaften geordnet, Hunderte von Ansichten. Nun wird der Codex Brandis zum ersten Mal von der Meraner Weiterbildungsorganisation Tangram ver\u00f6ffentlicht. Der nun vorliegende zweite Band enth\u00e4lt weitere 35 Skizzenbl\u00e4tter mit Ansichten von Anlagen im Etschtal, am Nonsberg und im Sulztal.<br \/>\nIn den Zeichnungen werden die adeligen Ansitze und Burgen gleichsam wieder zum Leben erweckt und lassen uns die einstige Pracht erahnen.<br \/>\nDie vier einf\u00fchrenden Essays beleuchten den geschichtlichen Kontext, denn die Entstehung des Codex Brandis fiel in eine turbulente Zeit: sie war gepr\u00e4gt von den Ereignissen rund um den Drei\u00dfigj\u00e4hrigen Krieg, vom Auftreten der Pest und den Folgen einer deutlichen Klimaverschlechterung. Die Menschen litten unter gro\u00dfen \u00c4ngsten, das mittelalterliche Denken war noch nicht \u00fcberwunden. Aber die Zeitenwende war bereits im Gang, und ein dichtes Verkehrsnetz \u00fcber die Alpen f\u00f6rderte Handel und Wandel.<\/p>\n<p>Die Autoren:<br \/>\nUlrike Kindl: Germanistin, Ex-Professorin an der Universit\u00e4t Ca\u2018 Foscari Venedig, Autorin zahlreicher Publikationen zur Geschichte S\u00fcdtirols,<br \/>\nAlessandro Baccin: Historiker, Essayist und verantwortlich f\u00fcr das Editionsprojekt des Codex-Brandis,<br \/>\nFlorenzo Degasperi: Publizist und Landeskundler,<br \/>\nSiegfried de Rachewiltz: Historiker, Ex-Direktor des Landesmuseums Schloss Tirol, Begr\u00fcnder des Landwirtschaftsmuseums auf der Brunnenburg.<\/p>\n<p><strong>Die Essays:<\/strong><br \/>\nTirol im 17. Jahrhundert: von der Grafschaft zum Staatswesen.<br \/>\nTirol und der Drei\u00dfigj\u00e4hrige Krieg.<br \/>\nLand und Wasser. Die Verkehrswege im Tirol des 17. Jahrhunderts.<br \/>\nFabelwesen auf Tiroler Burgen und ihr ikonografisches Umfeld.<br \/>\nDer Codex Brandis und die Burgen im Etschtal, am Nonsberg und im Sulztal.<\/p>\n","protected":false},"excerpt":{"rendered":"<p>Der Codex Brandis Die Burgen im Etschtal, am Nonsberg und im Sulztal (Band 2) Jahrhunderte lang lag der \u201eCodex Brandis\u201c wohl verwahrt im Archiv der Familie Brandis in Lana. Das Album mit Skizzen von Burgen, St\u00e4dten und Ansitzen der Gef\u00fcrsteten Grafschaft Tirol wurde im fr\u00fchen 17. Jahrhundert von einem unbekannten K\u00fcnstler im Auftrag des Freiherrn [&hellip;]<\/p>\n","protected":false},"featured_media":139762,"template":"","meta":[],"product_cat":[639],"product_tag":[633,632,689,688,685,686,634,687,690],"_links":{"self":[{"href":"https:\/\/www.tangram.it\/de\/wp-json\/wp\/v2\/product\/141049"}],"collection":[{"href":"https:\/\/www.tangram.it\/de\/wp-json\/wp\/v2\/product"}],"about":[{"href":"https:\/\/www.tangram.it\/de\/wp-json\/wp\/v2\/types\/product"}],"wp:featuredmedia":[{"embeddable":true,"href":"https:\/\/www.tangram.it\/de\/wp-json\/wp\/v2\/media\/139762"}],"wp:attachment":[{"href":"https:\/\/www.tangram.it\/de\/wp-json\/wp\/v2\/media?parent=141049"}],"wp:term":[{"taxonomy":"product_cat","embeddable":true,"href":"https:\/\/www.tangram.it\/de\/wp-json\/wp\/v2\/product_cat?post=141049"},{"taxonomy":"product_tag","embeddable":true,"href":"https:\/\/www.tangram.it\/de\/wp-json\/wp\/v2\/product_tag?post=141049"}],"curies":[{"name":"wp","href":"https:\/\/api.w.org\/{rel}","templated":true}]}}