{"id":139583,"date":"2019-09-04T17:02:38","date_gmt":"2019-09-04T15:02:38","guid":{"rendered":"http:\/\/www.tangram.it\/?post_type=product&#038;p=139583"},"modified":"2022-12-23T12:04:45","modified_gmt":"2022-12-23T11:04:45","slug":"englisch-nur-dialog-b2","status":"publish","type":"product","link":"https:\/\/www.tangram.it\/de\/shop\/englisch-nur-dialog-b2\/","title":{"rendered":"Englisch \u201eNur Dialog\u201c B2"},"content":{"rendered":"<p>Ein Kurs mit den Schwerpunkten Dialog und \u00dcbung der Aussprache. Das Programm sieht die Besch\u00e4ftigung mit Themen vor, welche zum Dialog anregen, begleitet von entsprechenden \u00dcbungen.<\/p>\n","protected":false},"excerpt":{"rendered":"<p>Ein Kurs mit den Schwerpunkten Dialog und \u00dcbung der Aussprache. Das Programm sieht die Besch\u00e4ftigung mit Themen vor, welche zum Dialog anregen, begleitet von entsprechenden \u00dcbungen.<\/p>\n","protected":false},"featured_media":0,"template":"","meta":[],"product_cat":[657],"product_tag":[633,638,632,637,634,635,636],"_links":{"self":[{"href":"https:\/\/www.tangram.it\/de\/wp-json\/wp\/v2\/product\/139583"}],"collection":[{"href":"https:\/\/www.tangram.it\/de\/wp-json\/wp\/v2\/product"}],"about":[{"href":"https:\/\/www.tangram.it\/de\/wp-json\/wp\/v2\/types\/product"}],"wp:attachment":[{"href":"https:\/\/www.tangram.it\/de\/wp-json\/wp\/v2\/media?parent=139583"}],"wp:term":[{"taxonomy":"product_cat","embeddable":true,"href":"https:\/\/www.tangram.it\/de\/wp-json\/wp\/v2\/product_cat?post=139583"},{"taxonomy":"product_tag","embeddable":true,"href":"https:\/\/www.tangram.it\/de\/wp-json\/wp\/v2\/product_tag?post=139583"}],"curies":[{"name":"wp","href":"https:\/\/api.w.org\/{rel}","templated":true}]}}