{"id":140786,"date":"2020-07-20T15:52:02","date_gmt":"2020-07-20T13:52:02","guid":{"rendered":"http:\/\/www.tangram.it\/?page_id=140786"},"modified":"2025-07-07T18:04:00","modified_gmt":"2025-07-07T16:04:00","slug":"der-codex-brandis-band-3","status":"publish","type":"page","link":"https:\/\/www.tangram.it\/de\/codex-brandis\/der-codex-brandis-band-3\/","title":{"rendered":"Der Codex Brandis, Band 3"},"content":{"rendered":"\r\n<div class=\"wp-container-1 wp-block-group\"><div class=\"wp-block-group__inner-container\">\r\n<h2 align=\"center\"><strong>Die Burgen im Trentino und im Gebiet des oberen Gardasees<\/strong><\/h2>\r\n<p>&nbsp;<\/p>\r\n<img class=\"alignright\" src=\"http:\/\/www.tangram.it\/wp-content\/uploads\/2020\/09\/brandisvol3_de_innen2.jpg\" align=\"left\" hspace=\"10\" \/><\/div>\r\n<div class=\"wp-block-group\">Mit diesem dritten Band liegt nun die erste Ausgabe des Codex Brandis, des einmaligen Burgenalbums aus dem fr\u00fchen 17. Jahrhundert, vollst\u00e4ndig vor: auf 37 Skizzenbl\u00e4ttern sind 63 Veduten von St\u00e4dten, Burgen, Schloss-Anlagen und Ansitzen aus dem s\u00fcdlichen Teil der damaligen Grafschaft Tirol festgehalten. Neben der Wiedergabe der originalen Zeichnungen des K\u00fcnstlers bietet der Band ein umfangreiches, begleitendes Bildmaterial, das von internationalen Museen, Archiven und Bibliotheken sowie auch von privaten Sammlungen zur Verf\u00fcgung gestellt wurde. Einf\u00fchrende Essays von <strong>Ulrike Kindl<\/strong>, <strong>Leo Andergassen<\/strong>, <strong>Alessandro Baccin<\/strong>, <strong>Andreas Faistenberger<\/strong>,\u00a0 <strong>Alberto Mosca<\/strong> und <strong>Carlo Andrea Postinger<\/strong> erschlie\u00dfen dem interessierten Publikum die Welt des fr\u00fchen 17. Jahrhunderts im Land \u201ean der Etsch und im Gebirge\u201c: es war eine unruhige Zeit, Krieg, Pestz\u00fcge und Hexenwahn waren pr\u00e4gende Alltagserfahrungen, aber auch wirtschaftlicher Aufschwung und steigende Mobilit\u00e4t. Auf den Verkehrswegen, den Stra\u00dfen und schiffbaren Fl\u00fcssen, war viel Volk unterwegs, von durchreisenden Botschaftern im diplomatischen Dienst \u00fcber Kaufleuten und Wanderh\u00e4ndlern bis hin zu Pilgern und K\u00fcnstlern. Immer wieder zogen auch Truppen von Landsknechten mit ihrem Tross durch das wichtige Passland, das in jener bedeutsamen Schwellenzeit entscheidende Weichen stellte f\u00fcr die Entwicklung der sp\u00e4teren Autonomen Region Trentino-S\u00fcdtirol. <\/div>\r\n<div>\u00a0<\/div><\/div>\r\n\r\n\r\n\r\n<h3><strong>Verzeichnis der Burgenskizzen im Band 3 des Codex Brandis <\/strong><\/h3>\r\n\r\n\r\n\r\n<p>Die Haderburg bei Salurn, K\u00f6nigsberg, Ansicht der Stadt Trient, Schloss Pergine, Castello del Buonconsiglio, Die Burgen vonSeregnano, Fornace und Pergine, Mattarello, Schloss Beseno, Stein bei Calliano, Santa Mana [Maria] de Mont, Ansicht der Stadt Rovereto, Schloss Rovereto, Castellano, Castelnuovo und Nogaredo, Castel Barco, Die Burgen Dossomaggiore bei Brentonico und Castelkorn, Schloss Gresta, Umgebung von Avio, Schloss Avio, Alte Landesgrenze bei Mama d\u2019Avio, Avio, Alte Landesgrenze bei Borghetto, Ansicht von Arco, Ansicht von Riva, Castel Penede, Castel Spine, Umgebung von Arc, Schloss Ivano und die H\u00f6hlenburg Kofel, Schloss Telvana, Belfort bei Spormaggiore, Molveno, Die Burgen Restor und Stenico, Castello di Tenno, Toblino, Der See von Santa Massenza, Schloss Madruzzo, Detailansicht von Madruzzo, Weitere Detailansicht von Madruzzo.<\/p>\r\n\r\n\r\n\r\n\r\n\r\n<p>Vorl\u00e4ufiges Inhaltsverzeichnis des dritten Bandes<\/p>\r\n\r\n\r\n\r\n<ul>\r\n<li><strong>Vorwort<\/strong> &#8211; Alessandro Baccin<\/li>\r\n<li><strong>Das Konzil von Trient und das Hexenbild in Tirol in Geschichte und Sage<\/strong> &#8211; Ulrike Kindl<\/li>\r\n<li><strong>Handel, Geldwirtschaft und Zolle im 17. Jahrhundert<\/strong> &#8211; Alberto Mosca<\/li>\r\n<li><strong>Heraldik und tirolische Wappenkunde<\/strong> &#8211; Andreas Faistenberger<\/li>\r\n<li><strong>Im Dienste der Herrschaft. Wandmalereien in Burgkapellen<\/strong> &#8211; Leo Andergassen<\/li>\r\n<li><strong>Der Codex Brandis und die Burgen im Trentino und im Gebiet des oberen Gardasees<\/strong> &#8211; Carlo Andrea Postinger<\/li>\r\n<li><strong>Index des Codex Brandis<\/strong> &#8211; Ulrike Kindl<\/li>\r\n<\/ul>\r\n\r\n\r\n<center>Mit Unterst\u00fctzung der Autonomen Region Trentino-S\u00fcdtirol, der Autonomen Provinz Bozen, der Gemeinden von Meran und Lana.<\/center>\r\n<p><strong>ISBN: 978-88-6876-277-3<\/strong><\/p>\r\n<table border=\"0\" width=\"100%\" cellpadding=\"10\">\r\n<tbody>\r\n<tr>\r\n<td width=\"230\"><img loading=\"lazy\" class=\"alignright\" src=\"http:\/\/www.tangram.it\/wp-content\/uploads\/2021\/11\/pieghevole_3CB.jpg\" width=\"200\" height=\"393\" \/><br \/><center><\/center><\/td>\r\n<td>\r\n<p>Mit dem dreiteiligen Werk <b>\u201cDer Codex Brandis\u201d<\/b> verschenken Sie nichts weniger als ein St\u00fcck Geschichte unseres Landes! Die Sammlung gibt ein Zeugnis des Lebens im 17. Jahrhunderts in der Grafschaft Tirol mit gewissem Seltenheits wert und kann somit ein wichtiges Pr\u00e4sentdarstellen, ist jeden falls <b>ein wertvolles und zeitloses Geschenk<\/b>.<\/p>\r\n<p>Die Gesamtausgabe der <strong>Codex Brandis<\/strong> 1+2+3 mit Schuber ist zur Zeit im Angebot bei dem Redaktionsarchiv in Meran (Laubengasse 204).<\/p>\r\n<p>INFO <b>www.tangram.it\/de<\/b><br \/>TEL. <strong>+39 335 6090344<br \/><\/strong>MAIL: <strong>contatto@tangram.it<\/strong><\/p>\r\n<\/td>\r\n<td width=\"260\">\u00a0<\/td>\r\n<\/tr>\r\n<\/tbody>\r\n<\/table>\r\n<p>&nbsp;<\/p>\r\n","protected":false},"excerpt":{"rendered":"<p>Die Burgen im Trentino und im Gebiet des oberen Gardasees &nbsp; Mit diesem dritten Band liegt nun die erste Ausgabe des Codex Brandis, des einmaligen Burgenalbums aus dem fr\u00fchen 17. Jahrhundert, vollst\u00e4ndig vor: auf 37 Skizzenbl\u00e4ttern sind 63 Veduten von St\u00e4dten, Burgen, Schloss-Anlagen und Ansitzen aus dem s\u00fcdlichen Teil der damaligen Grafschaft Tirol festgehalten. Neben [&hellip;]<\/p>\n","protected":false},"author":2,"featured_media":138739,"parent":138718,"menu_order":0,"comment_status":"closed","ping_status":"closed","template":"","meta":[],"_links":{"self":[{"href":"https:\/\/www.tangram.it\/de\/wp-json\/wp\/v2\/pages\/140786"}],"collection":[{"href":"https:\/\/www.tangram.it\/de\/wp-json\/wp\/v2\/pages"}],"about":[{"href":"https:\/\/www.tangram.it\/de\/wp-json\/wp\/v2\/types\/page"}],"author":[{"embeddable":true,"href":"https:\/\/www.tangram.it\/de\/wp-json\/wp\/v2\/users\/2"}],"replies":[{"embeddable":true,"href":"https:\/\/www.tangram.it\/de\/wp-json\/wp\/v2\/comments?post=140786"}],"version-history":[{"count":36,"href":"https:\/\/www.tangram.it\/de\/wp-json\/wp\/v2\/pages\/140786\/revisions"}],"predecessor-version":[{"id":145967,"href":"https:\/\/www.tangram.it\/de\/wp-json\/wp\/v2\/pages\/140786\/revisions\/145967"}],"up":[{"embeddable":true,"href":"https:\/\/www.tangram.it\/de\/wp-json\/wp\/v2\/pages\/138718"}],"wp:featuredmedia":[{"embeddable":true,"href":"https:\/\/www.tangram.it\/de\/wp-json\/wp\/v2\/media\/138739"}],"wp:attachment":[{"href":"https:\/\/www.tangram.it\/de\/wp-json\/wp\/v2\/media?parent=140786"}],"curies":[{"name":"wp","href":"https:\/\/api.w.org\/{rel}","templated":true}]}}