{"id":139985,"date":"2020-06-15T17:08:41","date_gmt":"2020-06-15T15:08:41","guid":{"rendered":"http:\/\/www.tangram.it\/?page_id=139985"},"modified":"2022-07-22T11:48:14","modified_gmt":"2022-07-22T09:48:14","slug":"vorstellung-der-agentur","status":"publish","type":"page","link":"https:\/\/www.tangram.it\/de\/vorstellung-der-agentur\/","title":{"rendered":"Vorstellung der Agentur"},"content":{"rendered":"<p>[vc_row][vc_column][vc_column_text css=&#8221;.vc_custom_1658483291365{margin-bottom: -10px !important;}&#8221;]<img src=\"http:\/\/www.tangram.it\/wp-content\/uploads\/2021\/08\/ingresso.jpg\" align=\"right\" vspace=\"10\" \/><\/p>\n<p>Wir sind vor vielen Jahren k\u00fchn gestartet mit Deutschkursenim Kindergarten, als es noch verboten war, die zweite Landessprache dort zu lehren. Wir haben sehr bald begonnen, noch viele Jahre vor dem Siegeszug des Internets, neue didaktische Wege mit demdamaligen Vorl\u00e4ufer Fidonet zu erproben. So hatte Tangram Im Jahre 1991 bereits eine Online-Bibliothek namens \u201cDidakta\u201d und bald darauf das erste Selbstlernzentrum nicht nur S\u00fcdtirols, sondern ganz Italiens. Anfangs waren wir nur wenige Pioniere, um uns aber bald unversehens in Gesellschaft tausender Gleichgesinnter wiederzufinden, die gleich uns mutig neue kulturelle Erfahrungsr\u00e4ume betraten. Auf diesem Weg haben wir in der Folge unz\u00e4hlige F\u00fchrungen und Vortr\u00e4ge organisiert, eine Reihe von Publikationen zur lokalen Geschichteherausgegeben oder eine breite Palette an Kursangeboten in Kunst und Handwerk, Musik und Gesang und besonders in Informatikkonzipiert und erfolgreich angeboten.<\/p>\n<p>Diese lange Phase der Entwicklungkonnte nicht einmal die Pandemie des Coronavirus stoppen, da Tangram sofort in der Lage war, viele der Angebote als Fernlehrg\u00e4nge mittels Videokonferenz umzugestalten, um so auch in Krisenzeitenweiterhindas Kulturleben zu f\u00f6rdern.<\/p>\n<p>So sind die beiden Stockwerke in den Meraner Lauben schon lange ein wichtiger kultureller Treffpunkt, etwa um Sprachen zu lernen, auch die weniger gebr\u00e4uchlichen wie Arabisch und Russisch. Viele kommen auch, um diegeschichtlichen Vortr\u00e4ge zu verfolgen, um sich mitaktuellengesellschaftlichen Themen auseinanderzusetzenoder einfach nur, um sich \u00fcber die vielf\u00e4ltigen neuen Aktivit\u00e4ten zu informieren, die immer wieder neu geplant und angeboten werden.[\/vc_column_text][\/vc_column][\/vc_row]<\/p>\n","protected":false},"excerpt":{"rendered":"<p>[vc_row][vc_column][vc_column_text css=&#8221;.vc_custom_1658483291365{margin-bottom: -10px !important;}&#8221;] Wir sind vor vielen Jahren k\u00fchn gestartet mit Deutschkursenim Kindergarten, als es noch verboten war, die zweite Landessprache dort zu lehren. Wir haben sehr bald begonnen, noch viele Jahre vor dem Siegeszug des Internets, neue didaktische Wege mit demdamaligen Vorl\u00e4ufer Fidonet zu erproben. So hatte Tangram Im Jahre 1991 bereits eine [&hellip;]<\/p>\n","protected":false},"author":1,"featured_media":0,"parent":0,"menu_order":0,"comment_status":"closed","ping_status":"closed","template":"","meta":[],"_links":{"self":[{"href":"https:\/\/www.tangram.it\/de\/wp-json\/wp\/v2\/pages\/139985"}],"collection":[{"href":"https:\/\/www.tangram.it\/de\/wp-json\/wp\/v2\/pages"}],"about":[{"href":"https:\/\/www.tangram.it\/de\/wp-json\/wp\/v2\/types\/page"}],"author":[{"embeddable":true,"href":"https:\/\/www.tangram.it\/de\/wp-json\/wp\/v2\/users\/1"}],"replies":[{"embeddable":true,"href":"https:\/\/www.tangram.it\/de\/wp-json\/wp\/v2\/comments?post=139985"}],"version-history":[{"count":9,"href":"https:\/\/www.tangram.it\/de\/wp-json\/wp\/v2\/pages\/139985\/revisions"}],"predecessor-version":[{"id":144093,"href":"https:\/\/www.tangram.it\/de\/wp-json\/wp\/v2\/pages\/139985\/revisions\/144093"}],"wp:attachment":[{"href":"https:\/\/www.tangram.it\/de\/wp-json\/wp\/v2\/media?parent=139985"}],"curies":[{"name":"wp","href":"https:\/\/api.w.org\/{rel}","templated":true}]}}