{"id":139695,"date":"2019-10-14T17:29:35","date_gmt":"2019-10-14T15:29:35","guid":{"rendered":"http:\/\/www.tangram.it\/?page_id=139695"},"modified":"2025-07-07T17:51:54","modified_gmt":"2025-07-07T15:51:54","slug":"der-codex-brandis-band-2","status":"publish","type":"page","link":"https:\/\/www.tangram.it\/de\/codex-brandis\/der-codex-brandis-band-2\/","title":{"rendered":"Der Codex Brandis, Band 2"},"content":{"rendered":"<p>[vc_row][vc_column][vc_column_text]<\/p>\r\n<h2 style=\"text-align: center;\"><strong>Die Burgen im Etschtal, am Nonsberg und im Sulztal<\/strong><\/h2>\r\n<p><img loading=\"lazy\" class=\"alignright\" src=\"http:\/\/www.tangram.it\/wp-content\/uploads\/2020\/09\/brandisvol2_de_innen2.jpg\" alt=\"Der Codex Brandis Band 2\" width=\"250\" height=\"281\" align=\"left\" hspace=\"10\" \/><\/p>\r\n<p>Jahrhunderte lang lag der <strong>Codex Brandis<\/strong> wohl verwahrt im Archiv der Familie Brandis in Lana. Das Album mit Skizzen von Burgen, St\u00e4dten und Ansitzen der Gef\u00fcrsteten Grafschaft Tirol wurde im fr\u00fchen 17. Jahrhundert von einem unbekannten K\u00fcnstler im Auftrag des Freiherrn Jakob Andr\u00e4 von Brandis angefertigt.<br \/>Die 105 Skizzenbl\u00e4tter enthalten, nach Talschaften geordnet, Hunderte von Ansichten. Der nun vorliegende zweite Band enth\u00e4lt weitere 35 Skizzenbl\u00e4tter mit Ansichten von Anlagen im <strong>Etschtal<\/strong>, am <strong>Nonsberg<\/strong> und im <strong>Sulztal<\/strong>. In den Zeichnungen werden die adeligen Ansitze und Burgen gleichsam wieder zum Leben erweckt und lassen uns die einstige Pracht erahnen.<br \/>Die vier einf\u00fchrenden Essays beleuchten den geschichtlichen Kontext, denn die Entstehung des Codex Brandis fiel in eine turbulente Zeit: sie war gepr\u00e4gt von den Ereignissen rund um den Drei\u00dfigj\u00e4hrigen Krieg, vom Auftreten der Pest und den Folgen einer deutlichen Klimaverschlechterung. Die Menschen litten unter gro\u00dfen \u00c4ngsten, das mittelalterliche Denken war noch nicht \u00fcberwunden. Aber die Zeitenwende war bereits im Gang, und ein dichtes Verkehrsnetz \u00fcber die Alpen f\u00f6rderte Handel und Wandel.<\/p>\r\n\r\n<p>Die Autoren:<br \/><strong>Ulrike Kind<\/strong>l: Germanistin, Ex-Professorin an der Universit\u00e4t Ca\u2018 Foscari Venedig, Autorin zahlreicher Publikationen zur Geschichte S\u00fcdtirols,<br \/><strong>Alessandro Baccin<\/strong>: Historiker, Essayist und verantwortlich f\u00fcr das Editionsprojekt des Codex-Brandis,<br \/><strong>Florenzo Degasperi<\/strong>: Publizist und Landeskundler,<br \/><strong>Siegfried de Rachewiltz<\/strong>: Historiker, Ex-Direktor des Landesmuseums Schloss Tirol, Begr\u00fcnder des Landwirtschaftsmuseums auf der Brunnenburg.<\/p>\r\n<p>Die Essays:<br \/><strong>Tirol im 17. Jahrhundert: von der Grafschaft zum Staatswesen.<\/strong><br \/><strong>Tirol und der Drei\u00dfigj\u00e4hrige Krieg. \u00a0<\/strong><br \/><strong>Land und Wasser. Die Verkehrswege im Tirol des 17. Jahrhunderts.<\/strong><br \/><strong>Fabelwesen auf Tiroler Burgen und ihr ikonografisches Umfeld.\u00a0<\/strong><br \/><strong>Der Codex Brandis und die Burgen im Etschtal, am Nonsberg und im Sulztal. \u00a0 \u00a0\u00a0<\/strong><\/p>\r\n<p>Mit finanzieller Unterst\u00fctzung durch die Autonome Region Trentino-S\u00fcdtirol und die Autonome Provinz Bozen, die Gemeinden Meran und Lana.<\/p>\r\n<p><strong>ISBN: 978-88-6876-238-4<\/strong><\/p>\r\n<table border=\"0\" width=\"100%\" cellpadding=\"10\">\r\n<tbody>\r\n<tr>\r\n<td width=\"230\"><img loading=\"lazy\" class=\"aligncenter\" src=\"http:\/\/www.tangram.it\/wp-content\/uploads\/2021\/11\/pieghevole_3CB.jpg\" width=\"162\" height=\"352\" \/><\/td>\r\n<td>\r\n<p>Mit dem dreiteiligen Werk <b>\u201cDer Codex Brandis\u201d<\/b> verschenken Sie nichts weniger als ein St\u00fcck Geschichte unseres Landes! Die Sammlung gibt ein Zeugnis des Lebens im 17. Jahrhunderts in der Grafschaft Tirol mit gewissem Seltenheits wert und kann somit ein wichtiges Pr\u00e4sentdarstellen, ist jeden falls <b>ein wertvolles und zeitloses Geschenk<\/b>.<\/p>\r\n<p>Die Gesamtausgabe der <strong>Codex Brandis<\/strong> 1+2+3 mit Schuber ist zur Zeit im Angebot bei dem Redaktionsarchiv in Meran (Laubengasse 204).<\/p>\r\n<p>INFO <b>www.tangram.it\/de<\/b><br \/>TEL. <strong>+39 335 6090344<br \/><\/strong>MAIL: contatto@tangram.it<\/p>\r\n<\/td>\r\n<td width=\"260\">\u00a0<\/td>\r\n<\/tr>\r\n<\/tbody>\r\n<\/table>\r\n<p>[\/vc_column_text][\/vc_column][\/vc_row]<\/p>","protected":false},"excerpt":{"rendered":"<p>[vc_row][vc_column][vc_column_text] Die Burgen im Etschtal, am Nonsberg und im Sulztal Jahrhunderte lang lag der Codex Brandis wohl verwahrt im Archiv der Familie Brandis in Lana. Das Album mit Skizzen von Burgen, St\u00e4dten und Ansitzen der Gef\u00fcrsteten Grafschaft Tirol wurde im fr\u00fchen 17. Jahrhundert von einem unbekannten K\u00fcnstler im Auftrag des Freiherrn Jakob Andr\u00e4 von Brandis [&hellip;]<\/p>\n","protected":false},"author":2,"featured_media":138739,"parent":138718,"menu_order":0,"comment_status":"closed","ping_status":"closed","template":"","meta":[],"_links":{"self":[{"href":"https:\/\/www.tangram.it\/de\/wp-json\/wp\/v2\/pages\/139695"}],"collection":[{"href":"https:\/\/www.tangram.it\/de\/wp-json\/wp\/v2\/pages"}],"about":[{"href":"https:\/\/www.tangram.it\/de\/wp-json\/wp\/v2\/types\/page"}],"author":[{"embeddable":true,"href":"https:\/\/www.tangram.it\/de\/wp-json\/wp\/v2\/users\/2"}],"replies":[{"embeddable":true,"href":"https:\/\/www.tangram.it\/de\/wp-json\/wp\/v2\/comments?post=139695"}],"version-history":[{"count":37,"href":"https:\/\/www.tangram.it\/de\/wp-json\/wp\/v2\/pages\/139695\/revisions"}],"predecessor-version":[{"id":145961,"href":"https:\/\/www.tangram.it\/de\/wp-json\/wp\/v2\/pages\/139695\/revisions\/145961"}],"up":[{"embeddable":true,"href":"https:\/\/www.tangram.it\/de\/wp-json\/wp\/v2\/pages\/138718"}],"wp:featuredmedia":[{"embeddable":true,"href":"https:\/\/www.tangram.it\/de\/wp-json\/wp\/v2\/media\/138739"}],"wp:attachment":[{"href":"https:\/\/www.tangram.it\/de\/wp-json\/wp\/v2\/media?parent=139695"}],"curies":[{"name":"wp","href":"https:\/\/api.w.org\/{rel}","templated":true}]}}