{"id":139266,"date":"2019-06-03T18:40:56","date_gmt":"2019-06-03T16:40:56","guid":{"rendered":"http:\/\/www.tangram.it\/?page_id=139266"},"modified":"2025-07-01T19:14:03","modified_gmt":"2025-07-01T17:14:03","slug":"der-codex-brandis-band-1","status":"publish","type":"page","link":"https:\/\/www.tangram.it\/de\/codex-brandis\/der-codex-brandis-band-1\/","title":{"rendered":"Der Codex Brandis, Band 1"},"content":{"rendered":"<p>[vc_row][vc_column][vc_column_text]<\/p>\r\n<p><img loading=\"lazy\" class=\"alignright\" src=\"http:\/\/www.tangram.it\/wp-content\/uploads\/2020\/09\/brandisvol1_de_innen2.jpg\" width=\"249\" height=\"280\" align=\"left\" border=\"1\" hspace=\"10\" \/><\/p>\r\n<h2><strong>Die Burgen im Burggrafenamt im Vinschgau und im Oberinntal<\/strong><\/h2>\r\n<p>Unsere Burgen sind W\u00e4chter der Zugangswege in die T\u00e4ler, stolze Zeugnisse des Tiroler Adels. Die Burgen und Schl\u00f6sser S\u00fcdtirols sind ein pr\u00e4gendes Element unseres Landes, das \u00fcbrigens die gr\u00f6\u00dfte Konzentration an Burgen und an Wehrbauten in ganz Europa aufweist. So ist es kein Zufall, dass im S\u00fcdtiroler Landesarchiv die wohl bedeutendste Bilder-Handschrift zum diesem Thema aufbewahrt wird: der Codex Brandis, ein Dokument von au\u00dferordentlichem historischen und k\u00fcnstlerischen Wert, denn Burgen, Herrschaftssitze und Wehranlagen der St\u00e4dte sind darin in ihrem damaligen Zustand mit meisterlicher Hand skizziert. Der Auftraggeber des Codex Brandis ist hingegen bekannt: Jakob Andr\u00e4 von Brandis (1569-1629), Landeshauptmann von Tirol, Spross des vornehmen Geschlechtes der Brandis, ein Vertrauter des Landesherrn Erzherzog Maximilian III. Anfang des 17. Jahrhunderts verfasste Jakob Andr\u00e4 von Brandis ein bedeutendes Werk \u00fcber die Geschichte Tirols, und es ist sehr wahrscheinlich, dass die Zeichnungen in den literarischen Teil h\u00e4tten integriert werden sollen. Vielleicht aber h\u00e4tten die Skizzen der Burgen und Schl\u00f6sser auch den Wohlstand des Tiroler Adels dokumentieren sollen: der Drei\u00dfigj\u00e4hrige Krieg war gerade ausgebrochen, und die Regierung des Habsburger Reiches war auf der Suche nach Geldquellen f\u00fcr die Kriegsf\u00fchrung \u2013 da kam eine Bestandaufnahme der Adelssitze gerade recht.<\/p>\r\n\r\n\r\n\r\n<p>In diesem ersten Band, vorgestellt von <strong>Jakob Graf Brandi<\/strong>s, einem Nachkommen des Jakob Andr\u00e4 von Brandis, geht es um den geschichtlichen Kontext. Auf den 176 Seiten des Bandes finden wir Informationen, um das Werk historisch einzuordnen, eine Vielzahl von Bildern aus Archiven, Museen und Privatsammlungen und eine genaues Profil der Zeichnungen: <strong>Ulrike Kindl<\/strong> beschreibt mit Liebe zum Detail alle Zeichnungen der ersten drei \u201eGegenden\u201c, die der unbekannt gebliebene Zeichner erfasst hat, von den historischen Edelsitzen in der \u201eMeraner Gegend\u201c \u00fcber die Burgen im Vinschgau bis zur Grenzfeste Finsterm\u00fcnz und den Burgen im Oberinntal, welche in fernen Zeiten die umstrittenen Grenzlinien zwischen Tirol und der Schweiz unter Kontrolle hielten.<\/p>\r\n\r\n<p>Die \u201eMeraner Gegend\u201c des Codex enth\u00e4lt, \u00fcber das eigentliche Burggrafenamt hinausgehend, auch eine Skizze der Jaufenburg; dann folgen Schloss Schenna, Landschaftsskizzen vom Eingang in das Passeiertal, Goyen, Katzenstein (2 Skizzen), die Fragsburg, Eschenloch am Eingang ins Ultental, die Zenoburg, Burg Auer, die alte Landeshauptstadt Meran mit Schloss Kallm\u00fcnz, ein Landschaftsbild mit Schloss Tirol, die Brunnenburg, ferner die Maiser Ansitze Knillenberg, Reichenbach, Rottenstein, Winkel, Rubein, Trauttmansdorff, Rametz, Labers, sowie das Kloster Maria Steinach in Algund und als Abschluss Schloss Forst.<\/p>\r\n\r\n\r\n\r\n<figure class=\"wp-block-image\"><img alt=\"\" \/><\/figure>\r\n\r\n\r\n\r\n\r\n\r\n\r\n\r\n<ul>\r\n<li>Alessandro Baccin, <em>Schwellenzeit. Das fr\u00fche 17. Jahrhundert in Tirol<\/em>.<\/li>\r\n<li>Christoph Gufler, <em>Der Codex Brandis. Ein Denkmal der Tiroler Adelskultur um 1600.<\/em><\/li>\r\n<li>Walter Landi, <em>Burgen auf Papier. Der Codex Brandis als burgenkundliche Quelle.<\/em><\/li>\r\n<li>Carlo Andrea Postinger, <em>Die Landesbeschreibung der Grafschaft Tirol im fr\u00fchen 17. Jahrhundert.<\/em><\/li>\r\n<\/ul>\r\n<table border=\"0\" width=\"100%\" cellpadding=\"10\">\r\n<tbody>\r\n<tr>\r\n<td width=\"260\">\r\n<p><iframe loading=\"lazy\" src=\" https:\/\/www.youtube.com\/embed\/z3drLr2zWhA \" width=\"300\" height=\"169\" frameborder=\"0\" allowfullscreen=\"allowfullscreen\"><\/iframe><\/p>\r\n<p><a href=\"https:\/\/www.youtube.com\/watch?v=z3drLr2zWhA&amp;t=6s\" target=\"blank\" rel=\"noopener\">Der Codex Brandis &#8211; ORF<\/a><\/p>\r\n<\/td>\r\n<td>\r\n<p>Mit dem dreiteiligen Werk <b>\u201cDer Codex Brandis\u201d<\/b> verschenken Sie nichts weniger als ein St\u00fcck Geschichte unseres Landes! Die Sammlung gibt ein Zeugnis des Lebens im 17. Jahrhunderts in der Grafschaft Tirol mit gewissem Seltenheits wert und kann somit ein wichtiges Pr\u00e4sentdarstellen, ist jeden falls <b>ein wertvolles und zeitloses Geschenk<\/b>.<\/p>\r\n<p>Die Gesamtausgabe der <strong>Codex Brandis<\/strong> 1+2+3 mit Schuber ist zur Zeit im Angebot bei dem Redaktionsarchiv in Meran (Laubengasse 204).<\/p>\r\n<p>INFO <b>www.tangram.it\/de<\/b> TEL. +39 335 6090344<\/p>\r\n<\/td>\r\n<td width=\"260\">\r\n<p><b>Codex Brandis &#8211; Der Buch, Vol. 1 &#8211; Buchvorstellung<\/b><br \/><iframe loading=\"lazy\" src=\"https:\/\/www.youtube.com\/embed\/FzYux8Uo1uE\" width=\"300\" height=\"169\" frameborder=\"0\" allowfullscreen=\"allowfullscreen\"><\/iframe><\/p>\r\n<p><a href=\"https:\/\/www.youtube.com\/watch?v=5SayWqPub_A&amp;t=27s\" target=\"blank\" rel=\"noopener\">Der Codex Brandis &#8211; S\u00fcdtirol Heute<\/a><\/p>\r\n<\/td>\r\n<\/tr>\r\n<\/tbody>\r\n<\/table>\r\n\r\n<p>[\/vc_column_text][\/vc_column][\/vc_row]<\/p>","protected":false},"excerpt":{"rendered":"<p>[vc_row][vc_column][vc_column_text] Die Burgen im Burggrafenamt im Vinschgau und im Oberinntal Unsere Burgen sind W\u00e4chter der Zugangswege in die T\u00e4ler, stolze Zeugnisse des Tiroler Adels. Die Burgen und Schl\u00f6sser S\u00fcdtirols sind ein pr\u00e4gendes Element unseres Landes, das \u00fcbrigens die gr\u00f6\u00dfte Konzentration an Burgen und an Wehrbauten in ganz Europa aufweist. So ist es kein Zufall, dass [&hellip;]<\/p>\n","protected":false},"author":2,"featured_media":138739,"parent":138718,"menu_order":0,"comment_status":"closed","ping_status":"closed","template":"","meta":[],"_links":{"self":[{"href":"https:\/\/www.tangram.it\/de\/wp-json\/wp\/v2\/pages\/139266"}],"collection":[{"href":"https:\/\/www.tangram.it\/de\/wp-json\/wp\/v2\/pages"}],"about":[{"href":"https:\/\/www.tangram.it\/de\/wp-json\/wp\/v2\/types\/page"}],"author":[{"embeddable":true,"href":"https:\/\/www.tangram.it\/de\/wp-json\/wp\/v2\/users\/2"}],"replies":[{"embeddable":true,"href":"https:\/\/www.tangram.it\/de\/wp-json\/wp\/v2\/comments?post=139266"}],"version-history":[{"count":56,"href":"https:\/\/www.tangram.it\/de\/wp-json\/wp\/v2\/pages\/139266\/revisions"}],"predecessor-version":[{"id":145947,"href":"https:\/\/www.tangram.it\/de\/wp-json\/wp\/v2\/pages\/139266\/revisions\/145947"}],"up":[{"embeddable":true,"href":"https:\/\/www.tangram.it\/de\/wp-json\/wp\/v2\/pages\/138718"}],"wp:featuredmedia":[{"embeddable":true,"href":"https:\/\/www.tangram.it\/de\/wp-json\/wp\/v2\/media\/138739"}],"wp:attachment":[{"href":"https:\/\/www.tangram.it\/de\/wp-json\/wp\/v2\/media?parent=139266"}],"curies":[{"name":"wp","href":"https:\/\/api.w.org\/{rel}","templated":true}]}}