{"id":138718,"date":"2018-12-18T17:22:26","date_gmt":"2018-12-18T16:22:26","guid":{"rendered":"http:\/\/www.tangram.it\/il-codice-brandis\/"},"modified":"2025-08-27T16:17:29","modified_gmt":"2025-08-27T14:17:29","slug":"codex-brandis","status":"publish","type":"page","link":"https:\/\/www.tangram.it\/de\/codex-brandis\/","title":{"rendered":"Der Codex Brandis"},"content":{"rendered":"<p>[vc_row][vc_column][vc_column_text css=&#8221;.vc_custom_1557855025374{margin-bottom: -10px !important;}&#8221;]<!--\n\n\n<p style=\"text-align: justify;\">Bereits im vierten Jahr in Folge besch\u00e4ftigt sich TANGRAM intensiv mit dem \u201cCodex Brandis\u201d, dem wohl wichtigsten Werk \u00fcber die Burgen S\u00fcdtirols. Unser Fr\u00fchjahrs-<wbr \/>Veranstaltungskalender sieht mehrere Vortr\u00e4ge mit Experten vor, die uns g\u00e4ngige und neue Erkenntnisse \u00fcber die zahlreichen Herrschaftssitze in unserem Lande vermitteln werden.<\/p>\n\n\n-->[\/vc_column_text][\/vc_column][\/vc_row][vc_row][vc_column width=&#8221;1\/4&#8243;][vc_single_image image=&#8221;141870&#8243; img_size=&#8221;large&#8221; alignment=&#8221;center&#8221; onclick=&#8221;custom_link&#8221; link=&#8221;https:\/\/www.tangram.it\/de\/codex-brandis\/der-codex-brandis-band-1\/&#8221;][\/vc_column][vc_column width=&#8221;1\/4&#8243;][vc_column_text]<strong><a href=\"https:\/\/www.tangram.it\/de\/codex-brandis\/der-codex-brandis-band-1\/\">Der Codex Brandis (Band 1)<\/a><\/strong><br \/>\n<strong><a href=\"https:\/\/www.tangram.it\/de\/codex-brandis\/der-codex-brandis-band-1\/\">Die Burgen im Burggrafenamt, im Vinschgau und im Oberinntal<\/a><\/strong><\/p>\n<p>7 Kapitel, <span class=\"value\">171 Seiten, 44 Illustrationen.<\/span><br \/>\nISBN <span class=\"value\">978-88-7498-288-2<\/span><\/p>\n<p>Eur 30,00<a title=\"der Link wird in einem neuen Fenster ge\u00f6ffnet\" href=\"http:\/\/www.tangram.it\/wp-content\/uploads\/2021\/03\/codexbrandis-v1.pdf\" target=\"blank\" rel=\"noopener\"><img src=\"http:\/\/www.tangram.it\/wp-content\/uploads\/2021\/03\/pdf-cb.gif\" align=\"right\" border=\"0\" \/><\/a>[\/vc_column_text][\/vc_column][vc_column width=&#8221;1\/4&#8243;][vc_single_image image=&#8221;141873&#8243; img_size=&#8221;full&#8221; alignment=&#8221;center&#8221; onclick=&#8221;custom_link&#8221; link=&#8221;https:\/\/www.tangram.it\/de\/der-codice-brandis\/der-codex-brandis-band-2\/&#8221;][\/vc_column][vc_column width=&#8221;1\/4&#8243;][vc_column_text]<strong><a href=\"https:\/\/www.tangram.it\/de\/der-codice-brandis\/der-codex-brandis-band-2\/\">Der Codex Brandis (Band 2)<\/a><\/strong><br \/>\n<a href=\"https:\/\/www.tangram.it\/de\/der-codice-brandis\/der-codex-brandis-band-2\/\"><strong>Die Burgen im Etschtal, am Nonsberg und im Sulztal<\/strong><\/a><\/p>\n<p>6 Kapitel, 186 Seiten, 35 Skizzenbl\u00e4tter.<br \/>\nISBN 978-88-6876-238-4<br \/>\nEur 30,00<a title=\"der Link wird in einem neuen Fenster ge\u00f6ffnet\" href=\"http:\/\/www.tangram.it\/wp-content\/uploads\/2021\/03\/codexbrandis-v2.pdf\" target=\"blank\" rel=\"noopener\"><img src=\"http:\/\/www.tangram.it\/wp-content\/uploads\/2021\/03\/pdf-cb.gif\" align=\"right\" border=\"0\" \/><\/a>[\/vc_column_text][\/vc_column][\/vc_row][vc_row][vc_column width=&#8221;1\/4&#8243;][vc_single_image image=&#8221;141876&#8243; img_size=&#8221;full&#8221; alignment=&#8221;center&#8221; onclick=&#8221;custom_link&#8221; link=&#8221;https:\/\/www.tangram.it\/de\/codex-brandis\/der-codex-brandis-band-3\/&#8221;][\/vc_column][vc_column width=&#8221;1\/4&#8243;][vc_column_text]<strong><a href=\"https:\/\/www.tangram.it\/de\/codex-brandis\/der-codex-brandis-band-3\/\">Der Codex Brandis (Band 3)<\/a><\/strong><br \/>\n<strong><a href=\"https:\/\/www.tangram.it\/de\/codex-brandis\/der-codex-brandis-band-3\/\">Die Burgen im Trentino und im Gebiet des oberen Gardasees<\/a><\/strong><\/p>\n<p><span class=\"value\">194 Seiten, 37 Skizzenbl\u00e4ttern,\u00a0 63 Veduten von St\u00e4dten, Burgen, Schloss-Anlagen und Ansitzen aus dem s\u00fcdlichen Teil der damaligen Grafschaft Tirol.<\/span><br \/>\nISBN 978-88-6876-277-3<br \/>\nEur 30,00[\/vc_column_text][\/vc_column][vc_column width=&#8221;1\/4&#8243;][vc_column_text]<\/p>\n<p><center><strong><strong>Die drei B\u00fccher sind nur bei dem <\/strong><\/strong><strong>Redaktionsarchiv des Codex Brandis<\/strong><strong> in Meran (Laubegasse 204) in Angebot erh\u00e4ltlich: 3 B\u00fccher f\u00fcr 60,00 \u20ac.<\/strong><\/center><center><strong>Bitte an +39 335 6090344 oder per mail (contatto@tangram.it) melden.<\/strong><\/center>[\/vc_column_text][\/vc_column][vc_column width=&#8221;1\/4&#8243;][vc_raw_html]JTNDYiUzRUNvZGV4JTIwQnJhbmRpcyUzQSUzQ2JyJTNFQmxpY2slMjBpbiUyMHNwYW5uZW5kZSUyMFplaXRlbiUzQyUyRmIlM0UlMjAlM0NiciUzRSUzQ2ElMjBocmVmJTNEJTIyaHR0cCUzQSUyRiUyRnd3dy5yYWlzdWR0aXJvbC5yYWkuaXQlMkZkZSUyRmluZGV4LnBocCUzRm1lZGlhJTNEUHR2MTYyNzY3ODk4MCUyMiUyMHRhcmdldCUzRCUyMmJsYW5rJTIyJTNFJTNDaW1nJTIwc3JjJTNEJTIyaHR0cCUzQSUyRiUyRnd3dy50YW5ncmFtLml0JTJGd3AtY29udGVudCUyRnVwbG9hZHMlMkYyMDIxJTJGMDglMkZjYnJhaXN1ZWR0aXJvbC5qcGclMjIlMjBib3JkZXIlM0QlMjIwJTIyJTNFJTNDJTJGYSUzRSU1QlJhaSUyMFMlQzMlQkNkdGlyb2wlNUQ=[\/vc_raw_html][\/vc_column][\/vc_row]<\/p>\n","protected":false},"excerpt":{"rendered":"<p>[vc_row][vc_column][vc_column_text css=&#8221;.vc_custom_1557855025374{margin-bottom: -10px !important;}&#8221;][\/vc_column_text][\/vc_column][\/vc_row][vc_row][vc_column width=&#8221;1\/4&#8243;][vc_single_image image=&#8221;141870&#8243; img_size=&#8221;large&#8221; alignment=&#8221;center&#8221; onclick=&#8221;custom_link&#8221; link=&#8221;https:\/\/www.tangram.it\/de\/codex-brandis\/der-codex-brandis-band-1\/&#8221;][\/vc_column][vc_column width=&#8221;1\/4&#8243;][vc_column_text]Der Codex Brandis (Band 1) Die Burgen im Burggrafenamt, im Vinschgau und im Oberinntal 7 Kapitel, 171 Seiten, 44 Illustrationen. ISBN 978-88-7498-288-2 Eur 30,00[\/vc_column_text][\/vc_column][vc_column width=&#8221;1\/4&#8243;][vc_single_image image=&#8221;141873&#8243; img_size=&#8221;full&#8221; alignment=&#8221;center&#8221; onclick=&#8221;custom_link&#8221; link=&#8221;https:\/\/www.tangram.it\/de\/der-codice-brandis\/der-codex-brandis-band-2\/&#8221;][\/vc_column][vc_column width=&#8221;1\/4&#8243;][vc_column_text]Der Codex Brandis (Band 2) Die Burgen im Etschtal, am Nonsberg und im Sulztal 6 [&hellip;]<\/p>\n","protected":false},"author":1,"featured_media":0,"parent":0,"menu_order":0,"comment_status":"closed","ping_status":"closed","template":"","meta":[],"_links":{"self":[{"href":"https:\/\/www.tangram.it\/de\/wp-json\/wp\/v2\/pages\/138718"}],"collection":[{"href":"https:\/\/www.tangram.it\/de\/wp-json\/wp\/v2\/pages"}],"about":[{"href":"https:\/\/www.tangram.it\/de\/wp-json\/wp\/v2\/types\/page"}],"author":[{"embeddable":true,"href":"https:\/\/www.tangram.it\/de\/wp-json\/wp\/v2\/users\/1"}],"replies":[{"embeddable":true,"href":"https:\/\/www.tangram.it\/de\/wp-json\/wp\/v2\/comments?post=138718"}],"version-history":[{"count":34,"href":"https:\/\/www.tangram.it\/de\/wp-json\/wp\/v2\/pages\/138718\/revisions"}],"predecessor-version":[{"id":141913,"href":"https:\/\/www.tangram.it\/de\/wp-json\/wp\/v2\/pages\/138718\/revisions\/141913"}],"wp:attachment":[{"href":"https:\/\/www.tangram.it\/de\/wp-json\/wp\/v2\/media?parent=138718"}],"curies":[{"name":"wp","href":"https:\/\/api.w.org\/{rel}","templated":true}]}}