{"id":138704,"date":"2018-12-27T16:36:54","date_gmt":"2018-12-27T15:36:54","guid":{"rendered":"http:\/\/www.tangram.it\/lingue\/"},"modified":"2023-10-02T10:05:56","modified_gmt":"2023-10-02T08:05:56","slug":"lingue","status":"publish","type":"page","link":"https:\/\/www.tangram.it\/de\/lingue\/","title":{"rendered":"Sprachkurse"},"content":{"rendered":"<p>[vc_row][vc_column][vc_basic_grid post_type=&#8221;u_course&#8221; max_items=&#8221;10&#8243; grid_id=&#8221;vc_gid:1696233880189-d7933387-9dc4-4&#8243;][vc_column_text]<img loading=\"lazy\" class=\"alignnone wp-image-143932\" src=\"https:\/\/www.tangram.it\/wp-content\/uploads\/2023\/01\/copertina-lingue-tangram1.jpg\" alt=\"\" width=\"245\" height=\"490\" align=\"right\" hspace=\"10\" \/><\/p>\n<p>Tangram zeichnet sich schon seit 30 Jahren durch ein Kultur und Weiterbildungsangebot aus, welches von einem professionellen Team geplant und umgesetzt, sowie mit modernen didaktischen Techniken vermittelt wird.<br \/>\nDas Ber\u00fccksichtigen der Bed\u00fcrfnisse des Einzelnen, die Liebe zum Detail und die modernen, Lernklima &#8211;\u00a0 f\u00f6rdernden R\u00e4umlichkeiten erhalten\u00a0 bei den Teilnehmern und Teilnehmerinnen besondere Wertsch\u00e4tzung und schlagen sich in den Beurteilungen positiv nieder. Tangram ist nach ISO 9001:2015 zertifiziert und befolgt genau die Anweisungen der <a href=\"http:\/\/www.tangram.it\/wp-content\/uploads\/2019\/02\/cartadeiservizi_asstangram2019_de-1.pdf\" target=\"_blank\" rel=\"noopener noreferrer\">Dienstleistungs-Charta<\/a> der Weiterbildung.<\/p>\n<p><strong>Einige Informationen zu den Kursen:<\/strong><\/p>\n<ul>\n<li>Ein Kurs kann nur stattfinden, wenn die Mindestteilnehmerzahl erreicht worden ist, welche je nach Art der Veranstaltung und je nach Kursort variieren kann.<\/li>\n<li>F\u00fcr die Einschreibung muss ein Formular ausgef\u00fcllt werden und es wird eine Kaution von 25 \u20ac einbehalten, welche nur im Falle von organisatorischen Problemen zur\u00fcckgezahlt wird, die auf TANGRAM zur\u00fcckgehen. Die Kaution und der Teilnehmerbetrag werden bei Abwesenheit oder R\u00fccktritt nicht zur\u00fcckgezahlt.<\/li>\n<li>Die Restzahlung muss vor Beginn der Initiative erfolgen.<\/li>\n<li>Tangram beh\u00e4lt sich Programm\u00e4nderungen vor.<\/li>\n<\/ul>\n<p>[\/vc_column_text][\/vc_column][\/vc_row]<\/p>\n","protected":false},"excerpt":{"rendered":"<p>[vc_row][vc_column][vc_basic_grid post_type=&#8221;u_course&#8221; max_items=&#8221;10&#8243; grid_id=&#8221;vc_gid:1696233880189-d7933387-9dc4-4&#8243;][vc_column_text] Tangram zeichnet sich schon seit 30 Jahren durch ein Kultur und Weiterbildungsangebot aus, welches von einem professionellen Team geplant und umgesetzt, sowie mit modernen didaktischen Techniken vermittelt wird. Das Ber\u00fccksichtigen der Bed\u00fcrfnisse des Einzelnen, die Liebe zum Detail und die modernen, Lernklima &#8211;\u00a0 f\u00f6rdernden R\u00e4umlichkeiten erhalten\u00a0 bei den Teilnehmern und Teilnehmerinnen [&hellip;]<\/p>\n","protected":false},"author":1,"featured_media":0,"parent":0,"menu_order":0,"comment_status":"closed","ping_status":"closed","template":"","meta":[],"_links":{"self":[{"href":"https:\/\/www.tangram.it\/de\/wp-json\/wp\/v2\/pages\/138704"}],"collection":[{"href":"https:\/\/www.tangram.it\/de\/wp-json\/wp\/v2\/pages"}],"about":[{"href":"https:\/\/www.tangram.it\/de\/wp-json\/wp\/v2\/types\/page"}],"author":[{"embeddable":true,"href":"https:\/\/www.tangram.it\/de\/wp-json\/wp\/v2\/users\/1"}],"replies":[{"embeddable":true,"href":"https:\/\/www.tangram.it\/de\/wp-json\/wp\/v2\/comments?post=138704"}],"version-history":[{"count":39,"href":"https:\/\/www.tangram.it\/de\/wp-json\/wp\/v2\/pages\/138704\/revisions"}],"predecessor-version":[{"id":145436,"href":"https:\/\/www.tangram.it\/de\/wp-json\/wp\/v2\/pages\/138704\/revisions\/145436"}],"wp:attachment":[{"href":"https:\/\/www.tangram.it\/de\/wp-json\/wp\/v2\/media?parent=138704"}],"curies":[{"name":"wp","href":"https:\/\/api.w.org\/{rel}","templated":true}]}}